{"id":62245,"date":"2021-07-12T19:42:01","date_gmt":"2021-07-12T17:42:09","guid":{"rendered":"https:\/\/www.laperlavalles2.bcntic.com\/product\/salsa-maggi-arome-960ml\/"},"modified":"2023-06-23T08:13:36","modified_gmt":"2023-06-23T06:13:36","slug":"salsa-maggi-arome-960ml","status":"publish","type":"product","link":"https:\/\/www.laperlavalles.cat\/es\/product\/salsa-maggi-arome-960ml\/","title":{"rendered":"SALSA MAGGI AROME 960ML"},"content":{"rendered":"<p>El Maggi Arome es un condimento l\u00edquido ideal para realzar y dar sabor a tus platos. La Salsa Maggi Arome te permite darle un toque diferenciador a tus recetas.  La Salsa Maggi Arome es ideal para marinar carnes, a\u00f1adir un toque diferente al ali\u00f1o de tus ensaladas, sazonar carnes o pescados, o incluso para preparar c\u00f3cteles&#8230;<\/p>\n","protected":false},"excerpt":{"rendered":"<p>El Maggi Arome es un condimento l\u00edquido ideal para realzar y dar sabor a tus platos. La Salsa Maggi Arome te permite darle un toque diferenciador<span class=\"excerpt-hellip\"> [\u2026]<\/span><\/p>\n","protected":false},"featured_media":157589,"comment_status":"open","ping_status":"closed","template":"","meta":[],"product_cat":[8390],"product_tag":[],"_links":{"self":[{"href":"https:\/\/www.laperlavalles.cat\/es\/wp-json\/wp\/v2\/product\/62245"}],"collection":[{"href":"https:\/\/www.laperlavalles.cat\/es\/wp-json\/wp\/v2\/product"}],"about":[{"href":"https:\/\/www.laperlavalles.cat\/es\/wp-json\/wp\/v2\/types\/product"}],"replies":[{"embeddable":true,"href":"https:\/\/www.laperlavalles.cat\/es\/wp-json\/wp\/v2\/comments?post=62245"}],"wp:featuredmedia":[{"embeddable":true,"href":"https:\/\/www.laperlavalles.cat\/es\/wp-json\/wp\/v2\/media\/157589"}],"wp:attachment":[{"href":"https:\/\/www.laperlavalles.cat\/es\/wp-json\/wp\/v2\/media?parent=62245"}],"wp:term":[{"taxonomy":"product_cat","embeddable":true,"href":"https:\/\/www.laperlavalles.cat\/es\/wp-json\/wp\/v2\/product_cat?post=62245"},{"taxonomy":"product_tag","embeddable":true,"href":"https:\/\/www.laperlavalles.cat\/es\/wp-json\/wp\/v2\/product_tag?post=62245"}],"curies":[{"name":"wp","href":"https:\/\/api.w.org\/{rel}","templated":true}]}}