{"id":62405,"date":"2021-07-12T19:44:31","date_gmt":"2021-07-12T17:44:40","guid":{"rendered":"https:\/\/www.laperlavalles2.bcntic.com\/product\/tahina-the-elements-350g\/"},"modified":"2023-06-26T15:28:24","modified_gmt":"2023-06-26T13:28:24","slug":"tahina-the-elements-350g","status":"publish","type":"product","link":"https:\/\/www.laperlavalles.cat\/es\/product\/tahina-the-elements-350g\/","title":{"rendered":"TAHINA THE ELEMENTS 350G"},"content":{"rendered":"<p>La Tahina The Elements es una crema de s\u00e9samo 100% natural elaborada \u00fanicamente con semillas de s\u00e9samo tostadas. Es un producto esencial en cualquier supermercado, hipermercado, tienda especializada, o cualquier distribuidor de alimentaci\u00f3n para canal horeca y caterings para colectividades. <\/p>\n","protected":false},"excerpt":{"rendered":"<p>La Tahina The Elements es una crema de s\u00e9samo 100% natural elaborada \u00fanicamente con semillas de s\u00e9samo tostadas. Es un producto esencial en cualquier supermercado, hipermercado,<span class=\"excerpt-hellip\"> [\u2026]<\/span><\/p>\n","protected":false},"featured_media":150852,"comment_status":"open","ping_status":"closed","template":"","meta":[],"product_cat":[8390],"product_tag":[],"_links":{"self":[{"href":"https:\/\/www.laperlavalles.cat\/es\/wp-json\/wp\/v2\/product\/62405"}],"collection":[{"href":"https:\/\/www.laperlavalles.cat\/es\/wp-json\/wp\/v2\/product"}],"about":[{"href":"https:\/\/www.laperlavalles.cat\/es\/wp-json\/wp\/v2\/types\/product"}],"replies":[{"embeddable":true,"href":"https:\/\/www.laperlavalles.cat\/es\/wp-json\/wp\/v2\/comments?post=62405"}],"wp:featuredmedia":[{"embeddable":true,"href":"https:\/\/www.laperlavalles.cat\/es\/wp-json\/wp\/v2\/media\/150852"}],"wp:attachment":[{"href":"https:\/\/www.laperlavalles.cat\/es\/wp-json\/wp\/v2\/media?parent=62405"}],"wp:term":[{"taxonomy":"product_cat","embeddable":true,"href":"https:\/\/www.laperlavalles.cat\/es\/wp-json\/wp\/v2\/product_cat?post=62405"},{"taxonomy":"product_tag","embeddable":true,"href":"https:\/\/www.laperlavalles.cat\/es\/wp-json\/wp\/v2\/product_tag?post=62405"}],"curies":[{"name":"wp","href":"https:\/\/api.w.org\/{rel}","templated":true}]}}