{"id":62505,"date":"2021-07-12T19:46:22","date_gmt":"2021-07-12T17:46:31","guid":{"rendered":"https:\/\/www.laperlavalles2.bcntic.com\/product\/zumo-de-limon-solimon-1l\/"},"modified":"2023-06-23T12:26:24","modified_gmt":"2023-06-23T10:26:24","slug":"zumo-de-limon-solimon-1l","status":"publish","type":"product","link":"https:\/\/www.laperlavalles.cat\/es\/product\/zumo-de-limon-solimon-1l\/","title":{"rendered":"ZUMO DE LIMON SOLIMON 1L"},"content":{"rendered":"<p>El jugo de lim\u00f3n Solim\u00f3n es un zumo de lim\u00f3n natural obtenido de la primera extracci\u00f3n en fr\u00edo del lim\u00f3n. Es un zumo de lim\u00f3n para la elaboraci\u00f3n culinaria. La Perla distribuye todo tipo de salsas para supermercados, tiendas, mayoristas, restaurantes, distribuidores canal horeca &#8230;<\/p>\n","protected":false},"excerpt":{"rendered":"<p>El jugo de lim\u00f3n Solim\u00f3n es un zumo de lim\u00f3n natural obtenido de la primera extracci\u00f3n en fr\u00edo del lim\u00f3n. Es un zumo de lim\u00f3n para<span class=\"excerpt-hellip\"> [\u2026]<\/span><\/p>\n","protected":false},"featured_media":169016,"comment_status":"open","ping_status":"closed","template":"","meta":[],"product_cat":[8390],"product_tag":[],"_links":{"self":[{"href":"https:\/\/www.laperlavalles.cat\/es\/wp-json\/wp\/v2\/product\/62505"}],"collection":[{"href":"https:\/\/www.laperlavalles.cat\/es\/wp-json\/wp\/v2\/product"}],"about":[{"href":"https:\/\/www.laperlavalles.cat\/es\/wp-json\/wp\/v2\/types\/product"}],"replies":[{"embeddable":true,"href":"https:\/\/www.laperlavalles.cat\/es\/wp-json\/wp\/v2\/comments?post=62505"}],"wp:featuredmedia":[{"embeddable":true,"href":"https:\/\/www.laperlavalles.cat\/es\/wp-json\/wp\/v2\/media\/169016"}],"wp:attachment":[{"href":"https:\/\/www.laperlavalles.cat\/es\/wp-json\/wp\/v2\/media?parent=62505"}],"wp:term":[{"taxonomy":"product_cat","embeddable":true,"href":"https:\/\/www.laperlavalles.cat\/es\/wp-json\/wp\/v2\/product_cat?post=62505"},{"taxonomy":"product_tag","embeddable":true,"href":"https:\/\/www.laperlavalles.cat\/es\/wp-json\/wp\/v2\/product_tag?post=62505"}],"curies":[{"name":"wp","href":"https:\/\/api.w.org\/{rel}","templated":true}]}}