{"id":62525,"date":"2021-07-12T19:46:44","date_gmt":"2021-07-12T17:46:53","guid":{"rendered":"https:\/\/www.laperlavalles2.bcntic.com\/product\/zumo-de-limon-concentrado-lemon-lovers\/"},"modified":"2023-06-23T12:26:46","modified_gmt":"2023-06-23T10:26:46","slug":"zumo-de-limon-concentrado-lemon-lovers","status":"publish","type":"product","link":"https:\/\/www.laperlavalles.cat\/es\/product\/zumo-de-limon-concentrado-lemon-lovers\/","title":{"rendered":"ZUMO DE LIMON CONCENTRADO LEMON LOVERS"},"content":{"rendered":"<p>El jugo de lim\u00f3n Lemon Lovers es un zumo de lim\u00f3n concentrado procedente de concentrado de lim\u00f3n. Es un zumo de lim\u00f3n para la elaboraci\u00f3n culinaria. La Perla distribuye todo tipo de salsas para supermercados, tiendas, mayoristas, restaurantes, distribuidores canal horeca &#8230;<\/p>\n","protected":false},"excerpt":{"rendered":"<p>El jugo de lim\u00f3n Lemon Lovers es un zumo de lim\u00f3n concentrado procedente de concentrado de lim\u00f3n. Es un zumo de lim\u00f3n para la elaboraci\u00f3n culinaria.<span class=\"excerpt-hellip\"> [\u2026]<\/span><\/p>\n","protected":false},"featured_media":169032,"comment_status":"open","ping_status":"closed","template":"","meta":[],"product_cat":[10618],"product_tag":[],"_links":{"self":[{"href":"https:\/\/www.laperlavalles.cat\/es\/wp-json\/wp\/v2\/product\/62525"}],"collection":[{"href":"https:\/\/www.laperlavalles.cat\/es\/wp-json\/wp\/v2\/product"}],"about":[{"href":"https:\/\/www.laperlavalles.cat\/es\/wp-json\/wp\/v2\/types\/product"}],"replies":[{"embeddable":true,"href":"https:\/\/www.laperlavalles.cat\/es\/wp-json\/wp\/v2\/comments?post=62525"}],"wp:featuredmedia":[{"embeddable":true,"href":"https:\/\/www.laperlavalles.cat\/es\/wp-json\/wp\/v2\/media\/169032"}],"wp:attachment":[{"href":"https:\/\/www.laperlavalles.cat\/es\/wp-json\/wp\/v2\/media?parent=62525"}],"wp:term":[{"taxonomy":"product_cat","embeddable":true,"href":"https:\/\/www.laperlavalles.cat\/es\/wp-json\/wp\/v2\/product_cat?post=62525"},{"taxonomy":"product_tag","embeddable":true,"href":"https:\/\/www.laperlavalles.cat\/es\/wp-json\/wp\/v2\/product_tag?post=62525"}],"curies":[{"name":"wp","href":"https:\/\/api.w.org\/{rel}","templated":true}]}}