{"id":62705,"date":"2021-07-12T19:50:06","date_gmt":"2021-07-12T17:50:15","guid":{"rendered":"https:\/\/www.laperlavalles2.bcntic.com\/product\/conserva-de-bambu-aroy-d-brotes\/"},"modified":"2023-06-23T12:22:05","modified_gmt":"2023-06-23T10:22:05","slug":"conserva-de-bambu-aroy-d-brotes","status":"publish","type":"product","link":"https:\/\/www.laperlavalles.cat\/es\/product\/conserva-de-bambu-aroy-d-brotes\/","title":{"rendered":"CONSERVA DE BAMB\u00da AROY-D (BROTES)"},"content":{"rendered":"<p>La conserva de bamb\u00fa Aroy-D es una conserva en agua de fruta tropical ideal para consumir todo el a\u00f1o. Somos proveedores de fruta tropical fresca, y fruta tropical en conserva. Contacta con La Perla para vender fruta tropical.<\/p>\n","protected":false},"excerpt":{"rendered":"<p>La conserva de bamb\u00fa Aroy-D es una conserva en agua de fruta tropical ideal para consumir todo el a\u00f1o. Somos proveedores de fruta tropical fresca, y<span class=\"excerpt-hellip\"> [\u2026]<\/span><\/p>\n","protected":false},"featured_media":168829,"comment_status":"open","ping_status":"closed","template":"","meta":[],"product_cat":[8468,8391],"product_tag":[],"_links":{"self":[{"href":"https:\/\/www.laperlavalles.cat\/es\/wp-json\/wp\/v2\/product\/62705"}],"collection":[{"href":"https:\/\/www.laperlavalles.cat\/es\/wp-json\/wp\/v2\/product"}],"about":[{"href":"https:\/\/www.laperlavalles.cat\/es\/wp-json\/wp\/v2\/types\/product"}],"replies":[{"embeddable":true,"href":"https:\/\/www.laperlavalles.cat\/es\/wp-json\/wp\/v2\/comments?post=62705"}],"wp:featuredmedia":[{"embeddable":true,"href":"https:\/\/www.laperlavalles.cat\/es\/wp-json\/wp\/v2\/media\/168829"}],"wp:attachment":[{"href":"https:\/\/www.laperlavalles.cat\/es\/wp-json\/wp\/v2\/media?parent=62705"}],"wp:term":[{"taxonomy":"product_cat","embeddable":true,"href":"https:\/\/www.laperlavalles.cat\/es\/wp-json\/wp\/v2\/product_cat?post=62705"},{"taxonomy":"product_tag","embeddable":true,"href":"https:\/\/www.laperlavalles.cat\/es\/wp-json\/wp\/v2\/product_tag?post=62705"}],"curies":[{"name":"wp","href":"https:\/\/api.w.org\/{rel}","templated":true}]}}