{"id":63285,"date":"2021-07-12T20:00:17","date_gmt":"2021-07-12T18:00:26","guid":{"rendered":"https:\/\/www.laperlavalles2.bcntic.com\/product\/maiz-mote\/"},"modified":"2023-06-26T15:38:31","modified_gmt":"2023-06-26T13:38:31","slug":"maiz-mote","status":"publish","type":"product","link":"https:\/\/www.laperlavalles.cat\/es\/product\/maiz-mote\/","title":{"rendered":"MA\u00cdZ MOTE"},"content":{"rendered":"<p>Ma\u00edz mote. Origen: Per\u00fa<\/p>\n","protected":false},"excerpt":{"rendered":"<p>Ma\u00edz mote. Origen: Per\u00fa<\/p>\n","protected":false},"featured_media":154276,"comment_status":"open","ping_status":"closed","template":"","meta":[],"product_cat":[8398,8470],"product_tag":[],"_links":{"self":[{"href":"https:\/\/www.laperlavalles.cat\/es\/wp-json\/wp\/v2\/product\/63285"}],"collection":[{"href":"https:\/\/www.laperlavalles.cat\/es\/wp-json\/wp\/v2\/product"}],"about":[{"href":"https:\/\/www.laperlavalles.cat\/es\/wp-json\/wp\/v2\/types\/product"}],"replies":[{"embeddable":true,"href":"https:\/\/www.laperlavalles.cat\/es\/wp-json\/wp\/v2\/comments?post=63285"}],"wp:featuredmedia":[{"embeddable":true,"href":"https:\/\/www.laperlavalles.cat\/es\/wp-json\/wp\/v2\/media\/154276"}],"wp:attachment":[{"href":"https:\/\/www.laperlavalles.cat\/es\/wp-json\/wp\/v2\/media?parent=63285"}],"wp:term":[{"taxonomy":"product_cat","embeddable":true,"href":"https:\/\/www.laperlavalles.cat\/es\/wp-json\/wp\/v2\/product_cat?post=63285"},{"taxonomy":"product_tag","embeddable":true,"href":"https:\/\/www.laperlavalles.cat\/es\/wp-json\/wp\/v2\/product_tag?post=63285"}],"curies":[{"name":"wp","href":"https:\/\/api.w.org\/{rel}","templated":true}]}}