{"id":63585,"date":"2021-07-12T20:05:43","date_gmt":"2021-07-12T18:05:51","guid":{"rendered":"https:\/\/www.laperlavalles2.bcntic.com\/product\/maiz-semola-fina-nb-blanca-25kg\/"},"modified":"2024-04-16T18:19:25","modified_gmt":"2024-04-16T16:19:25","slug":"maiz-semola-fina-nb-blanca-25kg","status":"publish","type":"product","link":"https:\/\/www.laperlavalles.cat\/es\/product\/maiz-semola-fina-nb-blanca-25kg\/","title":{"rendered":"MAIZ &#8211; S\u00c8MOLA FINA NB BLANCA 25KG"},"content":{"rendered":"<p>S\u00e9mola de ma\u00edz blanco fina.<\/p>\n","protected":false},"excerpt":{"rendered":"<p>S\u00e9mola de ma\u00edz blanco fina.<\/p>\n","protected":false},"featured_media":160968,"comment_status":"open","ping_status":"closed","template":"","meta":[],"product_cat":[8398,8470],"product_tag":[],"_links":{"self":[{"href":"https:\/\/www.laperlavalles.cat\/es\/wp-json\/wp\/v2\/product\/63585"}],"collection":[{"href":"https:\/\/www.laperlavalles.cat\/es\/wp-json\/wp\/v2\/product"}],"about":[{"href":"https:\/\/www.laperlavalles.cat\/es\/wp-json\/wp\/v2\/types\/product"}],"replies":[{"embeddable":true,"href":"https:\/\/www.laperlavalles.cat\/es\/wp-json\/wp\/v2\/comments?post=63585"}],"wp:featuredmedia":[{"embeddable":true,"href":"https:\/\/www.laperlavalles.cat\/es\/wp-json\/wp\/v2\/media\/160968"}],"wp:attachment":[{"href":"https:\/\/www.laperlavalles.cat\/es\/wp-json\/wp\/v2\/media?parent=63585"}],"wp:term":[{"taxonomy":"product_cat","embeddable":true,"href":"https:\/\/www.laperlavalles.cat\/es\/wp-json\/wp\/v2\/product_cat?post=63585"},{"taxonomy":"product_tag","embeddable":true,"href":"https:\/\/www.laperlavalles.cat\/es\/wp-json\/wp\/v2\/product_tag?post=63585"}],"curies":[{"name":"wp","href":"https:\/\/api.w.org\/{rel}","templated":true}]}}