{"id":63765,"date":"2021-07-12T20:08:27","date_gmt":"2021-07-12T18:08:36","guid":{"rendered":"https:\/\/www.laperlavalles2.bcntic.com\/product\/harina-p-a-n-amarilla-1kg\/"},"modified":"2023-06-23T08:46:49","modified_gmt":"2023-06-23T06:46:49","slug":"harina-p-a-n-amarilla-1kg","status":"publish","type":"product","link":"https:\/\/www.laperlavalles.cat\/es\/product\/harina-p-a-n-amarilla-1kg\/","title":{"rendered":"HARINA P.A.N AMARILLA 1KG"},"content":{"rendered":"<p>La Harina de Ma\u00edz Amarillo P.A.N. es harina de puro ma\u00edz amarillo seleccionado, sin conservantes, por lo cual es un producto de calidad excepcional, ideal para la r\u00e1pida y f\u00e1cil preparaci\u00f3n de las m\u00e1s variadas y deliciosas recetas. <\/p>\n","protected":false},"excerpt":{"rendered":"<p>La Harina de Ma\u00edz Amarillo P.A.N. es harina de puro ma\u00edz amarillo seleccionado, sin conservantes, por lo cual es un producto de calidad excepcional, ideal para<span class=\"excerpt-hellip\"> [\u2026]<\/span><\/p>\n","protected":false},"featured_media":159064,"comment_status":"open","ping_status":"closed","template":"","meta":[],"product_cat":[8398,8470],"product_tag":[],"_links":{"self":[{"href":"https:\/\/www.laperlavalles.cat\/es\/wp-json\/wp\/v2\/product\/63765"}],"collection":[{"href":"https:\/\/www.laperlavalles.cat\/es\/wp-json\/wp\/v2\/product"}],"about":[{"href":"https:\/\/www.laperlavalles.cat\/es\/wp-json\/wp\/v2\/types\/product"}],"replies":[{"embeddable":true,"href":"https:\/\/www.laperlavalles.cat\/es\/wp-json\/wp\/v2\/comments?post=63765"}],"wp:featuredmedia":[{"embeddable":true,"href":"https:\/\/www.laperlavalles.cat\/es\/wp-json\/wp\/v2\/media\/159064"}],"wp:attachment":[{"href":"https:\/\/www.laperlavalles.cat\/es\/wp-json\/wp\/v2\/media?parent=63765"}],"wp:term":[{"taxonomy":"product_cat","embeddable":true,"href":"https:\/\/www.laperlavalles.cat\/es\/wp-json\/wp\/v2\/product_cat?post=63765"},{"taxonomy":"product_tag","embeddable":true,"href":"https:\/\/www.laperlavalles.cat\/es\/wp-json\/wp\/v2\/product_tag?post=63765"}],"curies":[{"name":"wp","href":"https:\/\/api.w.org\/{rel}","templated":true}]}}