{"id":64565,"date":"2021-07-12T20:22:13","date_gmt":"2021-07-12T18:22:22","guid":{"rendered":"https:\/\/www.laperlavalles2.bcntic.com\/product\/agua-de-flor-de-naranjo-samra\/"},"modified":"2022-06-24T15:29:53","modified_gmt":"2022-06-24T13:29:53","slug":"agua-de-flor-de-naranjo-samra","status":"publish","type":"product","link":"https:\/\/www.laperlavalles.cat\/es\/product\/agua-de-flor-de-naranjo-samra\/","title":{"rendered":"AGUA DE FLOR DE NARANJO SAMRA"},"content":{"rendered":"<p>El agua de flor de naranjo o agua de azahar es un ingrediente t\u00edpico de la pasteler\u00eda \u00e1rabe y se utiliza para aromatizar dulces y bebidas. El agua de azahar Samra es ideal para distribuidores de pasteler\u00eda, reposter\u00eda o cocteler\u00eda. <\/p>\n","protected":false},"excerpt":{"rendered":"<p>El agua de flor de naranjo o agua de azahar es un ingrediente t\u00edpico de la pasteler\u00eda \u00e1rabe y se utiliza para aromatizar dulces y bebidas.<span class=\"excerpt-hellip\"> [\u2026]<\/span><\/p>\n","protected":false},"featured_media":64554,"comment_status":"open","ping_status":"closed","template":"","meta":[],"product_cat":[8386,8472],"product_tag":[],"_links":{"self":[{"href":"https:\/\/www.laperlavalles.cat\/es\/wp-json\/wp\/v2\/product\/64565"}],"collection":[{"href":"https:\/\/www.laperlavalles.cat\/es\/wp-json\/wp\/v2\/product"}],"about":[{"href":"https:\/\/www.laperlavalles.cat\/es\/wp-json\/wp\/v2\/types\/product"}],"replies":[{"embeddable":true,"href":"https:\/\/www.laperlavalles.cat\/es\/wp-json\/wp\/v2\/comments?post=64565"}],"wp:featuredmedia":[{"embeddable":true,"href":"https:\/\/www.laperlavalles.cat\/es\/wp-json\/wp\/v2\/media\/64554"}],"wp:attachment":[{"href":"https:\/\/www.laperlavalles.cat\/es\/wp-json\/wp\/v2\/media?parent=64565"}],"wp:term":[{"taxonomy":"product_cat","embeddable":true,"href":"https:\/\/www.laperlavalles.cat\/es\/wp-json\/wp\/v2\/product_cat?post=64565"},{"taxonomy":"product_tag","embeddable":true,"href":"https:\/\/www.laperlavalles.cat\/es\/wp-json\/wp\/v2\/product_tag?post=64565"}],"curies":[{"name":"wp","href":"https:\/\/api.w.org\/{rel}","templated":true}]}}