{"id":64585,"date":"2021-07-12T20:22:35","date_gmt":"2021-07-12T18:22:44","guid":{"rendered":"https:\/\/www.laperlavalles2.bcntic.com\/product\/agua-de-rosas-samra\/"},"modified":"2025-06-11T11:29:16","modified_gmt":"2025-06-11T09:29:16","slug":"agua-de-rosas-samra","status":"publish","type":"product","link":"https:\/\/www.laperlavalles.cat\/es\/product\/agua-de-rosas-samra\/","title":{"rendered":"AIGUA DE ROSES SAMRA 500ML"},"content":{"rendered":"<p>Agua de rosas Samra de alta calidad, ideal para aromatizar postres, bebidas y platos orientales con un delicado toque floral. Obtenida por destilaci\u00f3n de p\u00e9talos de rosa, aporta aroma y sabor refinado a recetas como baklavas, helados, arroces, c\u00f3cteles o t\u00e9s. Tambi\u00e9n se usa en cosm\u00e9tica natural y para refrescar la piel. Sin gluten, con ingredientes sencillos (agua y aroma), y en formato grande de 500 ml, perfecta para uso dom\u00e9stico o profesional.<\/p>\n","protected":false},"excerpt":{"rendered":"<p>Agua de rosas Samra de alta calidad, ideal para aromatizar postres, bebidas y platos orientales con un delicado toque floral. Obtenida por destilaci\u00f3n de p\u00e9talos de<span class=\"excerpt-hellip\"> [\u2026]<\/span><\/p>\n","protected":false},"featured_media":165517,"comment_status":"open","ping_status":"closed","template":"","meta":[],"product_cat":[8386,8472],"product_tag":[],"_links":{"self":[{"href":"https:\/\/www.laperlavalles.cat\/es\/wp-json\/wp\/v2\/product\/64585"}],"collection":[{"href":"https:\/\/www.laperlavalles.cat\/es\/wp-json\/wp\/v2\/product"}],"about":[{"href":"https:\/\/www.laperlavalles.cat\/es\/wp-json\/wp\/v2\/types\/product"}],"replies":[{"embeddable":true,"href":"https:\/\/www.laperlavalles.cat\/es\/wp-json\/wp\/v2\/comments?post=64585"}],"wp:featuredmedia":[{"embeddable":true,"href":"https:\/\/www.laperlavalles.cat\/es\/wp-json\/wp\/v2\/media\/165517"}],"wp:attachment":[{"href":"https:\/\/www.laperlavalles.cat\/es\/wp-json\/wp\/v2\/media?parent=64585"}],"wp:term":[{"taxonomy":"product_cat","embeddable":true,"href":"https:\/\/www.laperlavalles.cat\/es\/wp-json\/wp\/v2\/product_cat?post=64585"},{"taxonomy":"product_tag","embeddable":true,"href":"https:\/\/www.laperlavalles.cat\/es\/wp-json\/wp\/v2\/product_tag?post=64585"}],"curies":[{"name":"wp","href":"https:\/\/api.w.org\/{rel}","templated":true}]}}