{"id":64605,"date":"2021-07-12T20:22:57","date_gmt":"2021-07-12T18:23:06","guid":{"rendered":"https:\/\/www.laperlavalles2.bcntic.com\/product\/agua-de-flor-de-naranjo-samra\/"},"modified":"2025-06-11T11:39:30","modified_gmt":"2025-06-11T09:39:30","slug":"agua-de-flor-de-naranjo-samra-2","status":"publish","type":"product","link":"https:\/\/www.laperlavalles.cat\/es\/product\/agua-de-flor-de-naranjo-samra-2\/","title":{"rendered":"AGUA DE AZAHAR SAMRA 500ML"},"content":{"rendered":"<p>Agua de azahar Samra de alta calidad, obtenida por destilaci\u00f3n de flores de naranjo amargo. Se utiliza principalmente para aromatizar dulces, pasteles y postres tradicionales, aportando un delicado toque floral y fresco. Es habitual en la reposter\u00eda mediterr\u00e1nea y oriental, as\u00ed como en bebidas y c\u00f3cteles. Sin gluten, con ingredientes sencillos (agua y aroma), y presentada en botella de 500 ml, ideal para uso dom\u00e9stico o profesional<\/p>\n","protected":false},"excerpt":{"rendered":"<p>Agua de azahar Samra de alta calidad, obtenida por destilaci\u00f3n de flores de naranjo amargo. Se utiliza principalmente para aromatizar dulces, pasteles y postres tradicionales, aportando<span class=\"excerpt-hellip\"> [\u2026]<\/span><\/p>\n","protected":false},"featured_media":165533,"comment_status":"open","ping_status":"closed","template":"","meta":[],"product_cat":[8386,8472],"product_tag":[],"_links":{"self":[{"href":"https:\/\/www.laperlavalles.cat\/es\/wp-json\/wp\/v2\/product\/64605"}],"collection":[{"href":"https:\/\/www.laperlavalles.cat\/es\/wp-json\/wp\/v2\/product"}],"about":[{"href":"https:\/\/www.laperlavalles.cat\/es\/wp-json\/wp\/v2\/types\/product"}],"replies":[{"embeddable":true,"href":"https:\/\/www.laperlavalles.cat\/es\/wp-json\/wp\/v2\/comments?post=64605"}],"wp:featuredmedia":[{"embeddable":true,"href":"https:\/\/www.laperlavalles.cat\/es\/wp-json\/wp\/v2\/media\/165533"}],"wp:attachment":[{"href":"https:\/\/www.laperlavalles.cat\/es\/wp-json\/wp\/v2\/media?parent=64605"}],"wp:term":[{"taxonomy":"product_cat","embeddable":true,"href":"https:\/\/www.laperlavalles.cat\/es\/wp-json\/wp\/v2\/product_cat?post=64605"},{"taxonomy":"product_tag","embeddable":true,"href":"https:\/\/www.laperlavalles.cat\/es\/wp-json\/wp\/v2\/product_tag?post=64605"}],"curies":[{"name":"wp","href":"https:\/\/api.w.org\/{rel}","templated":true}]}}