{"id":64985,"date":"2021-07-12T20:28:58","date_gmt":"2021-07-12T18:29:07","guid":{"rendered":"https:\/\/www.laperlavalles2.bcntic.com\/product\/chips-banana-mr-ho-picantes\/"},"modified":"2024-07-01T16:30:36","modified_gmt":"2024-07-01T14:30:36","slug":"chips-banana-mr-ho-picantes","status":"publish","type":"product","link":"https:\/\/www.laperlavalles.cat\/es\/product\/chips-banana-mr-ho-picantes\/","title":{"rendered":"CHIPS BANANA MR HO PICANTES"},"content":{"rendered":"<p>Las chips de banana Mr Hoo picantes son un snack de banana t\u00edpico de Costa Rica. Si buscas un distribuidor de alimentaci\u00f3n, bebidas y cosm\u00e9tica contacta con La Perla. Distribuimos alimentaci\u00f3n global en todo el mundo.<\/p>\n","protected":false},"excerpt":{"rendered":"<p>Las chips de banana Mr Hoo picantes son un snack de banana t\u00edpico de Costa Rica. Si buscas un distribuidor de alimentaci\u00f3n, bebidas y cosm\u00e9tica contacta<span class=\"excerpt-hellip\"> [\u2026]<\/span><\/p>\n","protected":false},"featured_media":157408,"comment_status":"open","ping_status":"closed","template":"","meta":[],"product_cat":[10618],"product_tag":[],"_links":{"self":[{"href":"https:\/\/www.laperlavalles.cat\/es\/wp-json\/wp\/v2\/product\/64985"}],"collection":[{"href":"https:\/\/www.laperlavalles.cat\/es\/wp-json\/wp\/v2\/product"}],"about":[{"href":"https:\/\/www.laperlavalles.cat\/es\/wp-json\/wp\/v2\/types\/product"}],"replies":[{"embeddable":true,"href":"https:\/\/www.laperlavalles.cat\/es\/wp-json\/wp\/v2\/comments?post=64985"}],"wp:featuredmedia":[{"embeddable":true,"href":"https:\/\/www.laperlavalles.cat\/es\/wp-json\/wp\/v2\/media\/157408"}],"wp:attachment":[{"href":"https:\/\/www.laperlavalles.cat\/es\/wp-json\/wp\/v2\/media?parent=64985"}],"wp:term":[{"taxonomy":"product_cat","embeddable":true,"href":"https:\/\/www.laperlavalles.cat\/es\/wp-json\/wp\/v2\/product_cat?post=64985"},{"taxonomy":"product_tag","embeddable":true,"href":"https:\/\/www.laperlavalles.cat\/es\/wp-json\/wp\/v2\/product_tag?post=64985"}],"curies":[{"name":"wp","href":"https:\/\/api.w.org\/{rel}","templated":true}]}}