{"id":65005,"date":"2021-07-12T20:29:17","date_gmt":"2021-07-12T18:29:25","guid":{"rendered":"https:\/\/www.laperlavalles2.bcntic.com\/product\/chips-banana-mr-ho-saladas\/"},"modified":"2024-07-01T16:38:13","modified_gmt":"2024-07-01T14:38:13","slug":"chips-banana-mr-ho-saladas","status":"publish","type":"product","link":"https:\/\/www.laperlavalles.cat\/es\/product\/chips-banana-mr-ho-saladas\/","title":{"rendered":"CHIPS BANANA MR HO SALADAS"},"content":{"rendered":"<p>Las chips de banana Mr Hoo saladas son un snack de banana t\u00edpico de Costa Rica. Si buscas un distribuidor de alimentaci\u00f3n, bebidas y cosm\u00e9tica contacta con La Perla. Distribuimos alimentaci\u00f3n global en todo el mundo.<\/p>\n","protected":false},"excerpt":{"rendered":"<p>Las chips de banana Mr Hoo saladas son un snack de banana t\u00edpico de Costa Rica. Si buscas un distribuidor de alimentaci\u00f3n, bebidas y cosm\u00e9tica contacta<span class=\"excerpt-hellip\"> [\u2026]<\/span><\/p>\n","protected":false},"featured_media":157424,"comment_status":"open","ping_status":"closed","template":"","meta":[],"product_cat":[10618],"product_tag":[],"_links":{"self":[{"href":"https:\/\/www.laperlavalles.cat\/es\/wp-json\/wp\/v2\/product\/65005"}],"collection":[{"href":"https:\/\/www.laperlavalles.cat\/es\/wp-json\/wp\/v2\/product"}],"about":[{"href":"https:\/\/www.laperlavalles.cat\/es\/wp-json\/wp\/v2\/types\/product"}],"replies":[{"embeddable":true,"href":"https:\/\/www.laperlavalles.cat\/es\/wp-json\/wp\/v2\/comments?post=65005"}],"wp:featuredmedia":[{"embeddable":true,"href":"https:\/\/www.laperlavalles.cat\/es\/wp-json\/wp\/v2\/media\/157424"}],"wp:attachment":[{"href":"https:\/\/www.laperlavalles.cat\/es\/wp-json\/wp\/v2\/media?parent=65005"}],"wp:term":[{"taxonomy":"product_cat","embeddable":true,"href":"https:\/\/www.laperlavalles.cat\/es\/wp-json\/wp\/v2\/product_cat?post=65005"},{"taxonomy":"product_tag","embeddable":true,"href":"https:\/\/www.laperlavalles.cat\/es\/wp-json\/wp\/v2\/product_tag?post=65005"}],"curies":[{"name":"wp","href":"https:\/\/api.w.org\/{rel}","templated":true}]}}