{"id":65065,"date":"2021-07-12T20:30:19","date_gmt":"2021-07-12T18:30:28","guid":{"rendered":"https:\/\/www.laperlavalles2.bcntic.com\/product\/chips-banana-fyfees-picantes\/"},"modified":"2023-06-23T09:47:04","modified_gmt":"2023-06-23T07:47:04","slug":"chips-banana-fyfees-picantes","status":"publish","type":"product","link":"https:\/\/www.laperlavalles.cat\/es\/product\/chips-banana-fyfees-picantes\/","title":{"rendered":"CHIPS BANANA FYFEES PICANTES"},"content":{"rendered":"<p>Las chips de banana Fyffes picantes son un snack de banana t\u00edpico de Colombia. Si buscas un distribuidor de alimentaci\u00f3n, bebidas y cosm\u00e9tica contacta con La Perla. Distribuimos alimentaci\u00f3n global en todo el mundo.<\/p>\n","protected":false},"excerpt":{"rendered":"<p>Las chips de banana Fyffes picantes son un snack de banana t\u00edpico de Colombia. Si buscas un distribuidor de alimentaci\u00f3n, bebidas y cosm\u00e9tica contacta con La<span class=\"excerpt-hellip\"> [\u2026]<\/span><\/p>\n","protected":false},"featured_media":161848,"comment_status":"open","ping_status":"closed","template":"","meta":[],"product_cat":[8387,8474],"product_tag":[],"_links":{"self":[{"href":"https:\/\/www.laperlavalles.cat\/es\/wp-json\/wp\/v2\/product\/65065"}],"collection":[{"href":"https:\/\/www.laperlavalles.cat\/es\/wp-json\/wp\/v2\/product"}],"about":[{"href":"https:\/\/www.laperlavalles.cat\/es\/wp-json\/wp\/v2\/types\/product"}],"replies":[{"embeddable":true,"href":"https:\/\/www.laperlavalles.cat\/es\/wp-json\/wp\/v2\/comments?post=65065"}],"wp:featuredmedia":[{"embeddable":true,"href":"https:\/\/www.laperlavalles.cat\/es\/wp-json\/wp\/v2\/media\/161848"}],"wp:attachment":[{"href":"https:\/\/www.laperlavalles.cat\/es\/wp-json\/wp\/v2\/media?parent=65065"}],"wp:term":[{"taxonomy":"product_cat","embeddable":true,"href":"https:\/\/www.laperlavalles.cat\/es\/wp-json\/wp\/v2\/product_cat?post=65065"},{"taxonomy":"product_tag","embeddable":true,"href":"https:\/\/www.laperlavalles.cat\/es\/wp-json\/wp\/v2\/product_tag?post=65065"}],"curies":[{"name":"wp","href":"https:\/\/api.w.org\/{rel}","templated":true}]}}