{"id":65825,"date":"2021-07-12T20:43:13","date_gmt":"2021-07-12T18:43:22","guid":{"rendered":"https:\/\/www.laperlavalles2.bcntic.com\/product\/banku-mix-ghana-taste\/"},"modified":"2023-06-23T11:22:27","modified_gmt":"2023-06-23T09:22:27","slug":"banku-mix-ghana-taste","status":"publish","type":"product","link":"https:\/\/www.laperlavalles.cat\/es\/product\/banku-mix-ghana-taste\/","title":{"rendered":"BANKU MIX GHANA TASTE"},"content":{"rendered":"<p>Harina de ma\u00edz fermentado y mandioca seca. En nuestro cat\u00e1logo de productos puedes encontrar productos de alimentaci\u00f3n de \u00c1frica.<\/p>\n","protected":false},"excerpt":{"rendered":"<p>Harina de ma\u00edz fermentado y mandioca seca. En nuestro cat\u00e1logo de productos puedes encontrar productos de alimentaci\u00f3n de \u00c1frica.<\/p>\n","protected":false},"featured_media":166125,"comment_status":"open","ping_status":"closed","template":"","meta":[],"product_cat":[8398,8476],"product_tag":[],"_links":{"self":[{"href":"https:\/\/www.laperlavalles.cat\/es\/wp-json\/wp\/v2\/product\/65825"}],"collection":[{"href":"https:\/\/www.laperlavalles.cat\/es\/wp-json\/wp\/v2\/product"}],"about":[{"href":"https:\/\/www.laperlavalles.cat\/es\/wp-json\/wp\/v2\/types\/product"}],"replies":[{"embeddable":true,"href":"https:\/\/www.laperlavalles.cat\/es\/wp-json\/wp\/v2\/comments?post=65825"}],"wp:featuredmedia":[{"embeddable":true,"href":"https:\/\/www.laperlavalles.cat\/es\/wp-json\/wp\/v2\/media\/166125"}],"wp:attachment":[{"href":"https:\/\/www.laperlavalles.cat\/es\/wp-json\/wp\/v2\/media?parent=65825"}],"wp:term":[{"taxonomy":"product_cat","embeddable":true,"href":"https:\/\/www.laperlavalles.cat\/es\/wp-json\/wp\/v2\/product_cat?post=65825"},{"taxonomy":"product_tag","embeddable":true,"href":"https:\/\/www.laperlavalles.cat\/es\/wp-json\/wp\/v2\/product_tag?post=65825"}],"curies":[{"name":"wp","href":"https:\/\/api.w.org\/{rel}","templated":true}]}}