{"id":65865,"date":"2021-07-12T20:43:57","date_gmt":"2021-07-12T18:44:06","guid":{"rendered":"https:\/\/www.laperlavalles2.bcntic.com\/product\/tom-brown-freshtasty-2\/"},"modified":"2024-08-30T13:39:28","modified_gmt":"2024-08-30T11:39:28","slug":"tom-brown-freshtasty-2","status":"publish","type":"product","link":"https:\/\/www.laperlavalles.cat\/es\/product\/tom-brown-freshtasty-2\/","title":{"rendered":"TOM BROWN FRESH&amp;TASTY"},"content":{"rendered":"<p>Preparado de harina de mijo picante.<br \/>\nProductes Alimentaris La Perla es una empresa dedicada a la importaci\u00f3n y distribuci\u00f3n de alimentaci\u00f3n \u00e9tnica y alimentaci\u00f3n global de \u00c1frica, Asia y Am\u00e9rica del Sur<\/p>\n","protected":false},"excerpt":{"rendered":"<p>Preparado de harina de mijo picante. Productes Alimentaris La Perla es una empresa dedicada a la importaci\u00f3n y distribuci\u00f3n de alimentaci\u00f3n \u00e9tnica y alimentaci\u00f3n global de<span class=\"excerpt-hellip\"> [\u2026]<\/span><\/p>\n","protected":false},"featured_media":154473,"comment_status":"open","ping_status":"closed","template":"","meta":[],"product_cat":[10618],"product_tag":[],"_links":{"self":[{"href":"https:\/\/www.laperlavalles.cat\/es\/wp-json\/wp\/v2\/product\/65865"}],"collection":[{"href":"https:\/\/www.laperlavalles.cat\/es\/wp-json\/wp\/v2\/product"}],"about":[{"href":"https:\/\/www.laperlavalles.cat\/es\/wp-json\/wp\/v2\/types\/product"}],"replies":[{"embeddable":true,"href":"https:\/\/www.laperlavalles.cat\/es\/wp-json\/wp\/v2\/comments?post=65865"}],"wp:featuredmedia":[{"embeddable":true,"href":"https:\/\/www.laperlavalles.cat\/es\/wp-json\/wp\/v2\/media\/154473"}],"wp:attachment":[{"href":"https:\/\/www.laperlavalles.cat\/es\/wp-json\/wp\/v2\/media?parent=65865"}],"wp:term":[{"taxonomy":"product_cat","embeddable":true,"href":"https:\/\/www.laperlavalles.cat\/es\/wp-json\/wp\/v2\/product_cat?post=65865"},{"taxonomy":"product_tag","embeddable":true,"href":"https:\/\/www.laperlavalles.cat\/es\/wp-json\/wp\/v2\/product_tag?post=65865"}],"curies":[{"name":"wp","href":"https:\/\/api.w.org\/{rel}","templated":true}]}}