{"id":66445,"date":"2021-07-12T20:53:50","date_gmt":"2021-07-12T18:53:58","guid":{"rendered":"https:\/\/www.laperlavalles2.bcntic.com\/product\/thiacri-halah-400gr\/"},"modified":"2025-02-12T09:10:23","modified_gmt":"2025-02-12T08:10:23","slug":"thiacri-halah-400gr","status":"publish","type":"product","link":"https:\/\/www.laperlavalles.cat\/es\/product\/thiacri-halah-400gr\/","title":{"rendered":"THIACRI HALAH 400GR"},"content":{"rendered":"<p>La Perla importa productos t\u00edpicos y locales de \u00c1frica como cereales de mijo. El Thiacri Degue Halah es s\u00e9mola de mijo t\u00edpica de la cocina africana.<\/p>\n","protected":false},"excerpt":{"rendered":"<p>La Perla importa productos t\u00edpicos y locales de \u00c1frica como cereales de mijo. El Thiacri Degue Halah es s\u00e9mola de mijo t\u00edpica de la cocina africana.<\/p>\n","protected":false},"featured_media":162184,"comment_status":"open","ping_status":"closed","template":"","meta":[],"product_cat":[8398,8476],"product_tag":[],"_links":{"self":[{"href":"https:\/\/www.laperlavalles.cat\/es\/wp-json\/wp\/v2\/product\/66445"}],"collection":[{"href":"https:\/\/www.laperlavalles.cat\/es\/wp-json\/wp\/v2\/product"}],"about":[{"href":"https:\/\/www.laperlavalles.cat\/es\/wp-json\/wp\/v2\/types\/product"}],"replies":[{"embeddable":true,"href":"https:\/\/www.laperlavalles.cat\/es\/wp-json\/wp\/v2\/comments?post=66445"}],"wp:featuredmedia":[{"embeddable":true,"href":"https:\/\/www.laperlavalles.cat\/es\/wp-json\/wp\/v2\/media\/162184"}],"wp:attachment":[{"href":"https:\/\/www.laperlavalles.cat\/es\/wp-json\/wp\/v2\/media?parent=66445"}],"wp:term":[{"taxonomy":"product_cat","embeddable":true,"href":"https:\/\/www.laperlavalles.cat\/es\/wp-json\/wp\/v2\/product_cat?post=66445"},{"taxonomy":"product_tag","embeddable":true,"href":"https:\/\/www.laperlavalles.cat\/es\/wp-json\/wp\/v2\/product_tag?post=66445"}],"curies":[{"name":"wp","href":"https:\/\/api.w.org\/{rel}","templated":true}]}}