{"id":66485,"date":"2021-07-12T20:54:34","date_gmt":"2021-07-12T18:54:43","guid":{"rendered":"https:\/\/www.laperlavalles2.bcntic.com\/product\/sankhal-halah-400gr-2\/"},"modified":"2025-04-02T12:20:54","modified_gmt":"2025-04-02T10:20:54","slug":"sankhal-halah-400gr-2","status":"publish","type":"product","link":"https:\/\/www.laperlavalles.cat\/es\/product\/sankhal-halah-400gr-2\/","title":{"rendered":"SANKHAL HALAH 400GR"},"content":{"rendered":"<p>La Perla importa productos t\u00edpicos y locales de \u00c1frica como cereales de mijo. El shankal gne-gne Halah es mijo roto t\u00edpico de la cocina africana.<\/p>\n","protected":false},"excerpt":{"rendered":"<p>La Perla importa productos t\u00edpicos y locales de \u00c1frica como cereales de mijo. El shankal gne-gne Halah es mijo roto t\u00edpico de la cocina africana.<\/p>\n","protected":false},"featured_media":162232,"comment_status":"open","ping_status":"closed","template":"","meta":[],"product_cat":[8398,8476],"product_tag":[],"_links":{"self":[{"href":"https:\/\/www.laperlavalles.cat\/es\/wp-json\/wp\/v2\/product\/66485"}],"collection":[{"href":"https:\/\/www.laperlavalles.cat\/es\/wp-json\/wp\/v2\/product"}],"about":[{"href":"https:\/\/www.laperlavalles.cat\/es\/wp-json\/wp\/v2\/types\/product"}],"replies":[{"embeddable":true,"href":"https:\/\/www.laperlavalles.cat\/es\/wp-json\/wp\/v2\/comments?post=66485"}],"wp:featuredmedia":[{"embeddable":true,"href":"https:\/\/www.laperlavalles.cat\/es\/wp-json\/wp\/v2\/media\/162232"}],"wp:attachment":[{"href":"https:\/\/www.laperlavalles.cat\/es\/wp-json\/wp\/v2\/media?parent=66485"}],"wp:term":[{"taxonomy":"product_cat","embeddable":true,"href":"https:\/\/www.laperlavalles.cat\/es\/wp-json\/wp\/v2\/product_cat?post=66485"},{"taxonomy":"product_tag","embeddable":true,"href":"https:\/\/www.laperlavalles.cat\/es\/wp-json\/wp\/v2\/product_tag?post=66485"}],"curies":[{"name":"wp","href":"https:\/\/api.w.org\/{rel}","templated":true}]}}