{"id":66565,"date":"2021-07-12T20:56:00","date_gmt":"2021-07-12T18:56:09","guid":{"rendered":"https:\/\/www.laperlavalles2.bcntic.com\/product\/harina-mijo-soungouf\/"},"modified":"2025-02-28T16:49:42","modified_gmt":"2025-02-28T15:49:42","slug":"harina-mijo-soungouf","status":"publish","type":"product","link":"https:\/\/www.laperlavalles.cat\/es\/product\/harina-mijo-soungouf\/","title":{"rendered":"HARINA DE MIJO SOUNGOUF SAAFIA 20KG"},"content":{"rendered":"<p>La Perla es especialista en la distribuci\u00f3n de harinas procedentes de \u00c1frica. Consulta nuestro cat\u00e1logo completo de productos alimenticios de origen africano.<\/p>\n","protected":false},"excerpt":{"rendered":"<p>La Perla es especialista en la distribuci\u00f3n de harinas procedentes de \u00c1frica. Consulta nuestro cat\u00e1logo completo de productos alimenticios de origen africano.<\/p>\n","protected":false},"featured_media":161368,"comment_status":"open","ping_status":"closed","template":"","meta":[],"product_cat":[8398,8476],"product_tag":[],"_links":{"self":[{"href":"https:\/\/www.laperlavalles.cat\/es\/wp-json\/wp\/v2\/product\/66565"}],"collection":[{"href":"https:\/\/www.laperlavalles.cat\/es\/wp-json\/wp\/v2\/product"}],"about":[{"href":"https:\/\/www.laperlavalles.cat\/es\/wp-json\/wp\/v2\/types\/product"}],"replies":[{"embeddable":true,"href":"https:\/\/www.laperlavalles.cat\/es\/wp-json\/wp\/v2\/comments?post=66565"}],"wp:featuredmedia":[{"embeddable":true,"href":"https:\/\/www.laperlavalles.cat\/es\/wp-json\/wp\/v2\/media\/161368"}],"wp:attachment":[{"href":"https:\/\/www.laperlavalles.cat\/es\/wp-json\/wp\/v2\/media?parent=66565"}],"wp:term":[{"taxonomy":"product_cat","embeddable":true,"href":"https:\/\/www.laperlavalles.cat\/es\/wp-json\/wp\/v2\/product_cat?post=66565"},{"taxonomy":"product_tag","embeddable":true,"href":"https:\/\/www.laperlavalles.cat\/es\/wp-json\/wp\/v2\/product_tag?post=66565"}],"curies":[{"name":"wp","href":"https:\/\/api.w.org\/{rel}","templated":true}]}}