{"id":66765,"date":"2021-07-12T20:59:33","date_gmt":"2021-07-12T18:59:42","guid":{"rendered":"https:\/\/www.laperlavalles2.bcntic.com\/product\/x-ray-energy-drink-2\/"},"modified":"2025-12-24T14:52:00","modified_gmt":"2025-12-24T13:52:00","slug":"x-ray-energy-drink-2","status":"publish","type":"product","link":"https:\/\/www.laperlavalles.cat\/es\/product\/x-ray-energy-drink-2\/","title":{"rendered":"X-RAY ENERGY DRINK"},"content":{"rendered":"<p>X Ray Energy Drink es una bebida energ\u00e9tica no alcoh\u00f3lica con cafe\u00edna y taurina.<\/p>\n","protected":false},"excerpt":{"rendered":"<p>X Ray Energy Drink es una bebida energ\u00e9tica no alcoh\u00f3lica con cafe\u00edna y taurina.<\/p>\n","protected":false},"featured_media":156704,"comment_status":"open","ping_status":"closed","template":"","meta":[],"product_cat":[10618],"product_tag":[],"_links":{"self":[{"href":"https:\/\/www.laperlavalles.cat\/es\/wp-json\/wp\/v2\/product\/66765"}],"collection":[{"href":"https:\/\/www.laperlavalles.cat\/es\/wp-json\/wp\/v2\/product"}],"about":[{"href":"https:\/\/www.laperlavalles.cat\/es\/wp-json\/wp\/v2\/types\/product"}],"replies":[{"embeddable":true,"href":"https:\/\/www.laperlavalles.cat\/es\/wp-json\/wp\/v2\/comments?post=66765"}],"wp:featuredmedia":[{"embeddable":true,"href":"https:\/\/www.laperlavalles.cat\/es\/wp-json\/wp\/v2\/media\/156704"}],"wp:attachment":[{"href":"https:\/\/www.laperlavalles.cat\/es\/wp-json\/wp\/v2\/media?parent=66765"}],"wp:term":[{"taxonomy":"product_cat","embeddable":true,"href":"https:\/\/www.laperlavalles.cat\/es\/wp-json\/wp\/v2\/product_cat?post=66765"},{"taxonomy":"product_tag","embeddable":true,"href":"https:\/\/www.laperlavalles.cat\/es\/wp-json\/wp\/v2\/product_tag?post=66765"}],"curies":[{"name":"wp","href":"https:\/\/api.w.org\/{rel}","templated":true}]}}