{"id":66925,"date":"2021-07-12T21:02:36","date_gmt":"2021-07-12T19:02:45","guid":{"rendered":"https:\/\/www.laperlavalles2.bcntic.com\/product\/starling-jengibre\/"},"modified":"2023-06-23T11:28:14","modified_gmt":"2023-06-23T09:28:14","slug":"starling-jengibre","status":"publish","type":"product","link":"https:\/\/www.laperlavalles.cat\/es\/product\/starling-jengibre\/","title":{"rendered":"STARLING JENGIBRE"},"content":{"rendered":"<p>Bebida instant\u00e1nea o infusi\u00f3n instant\u00e1nea elaborada a base de extracto de t\u00e9 con sabor a frutas.<\/p>\n","protected":false},"excerpt":{"rendered":"<p>Bebida instant\u00e1nea o infusi\u00f3n instant\u00e1nea elaborada a base de extracto de t\u00e9 con sabor a frutas.<\/p>\n","protected":false},"featured_media":166381,"comment_status":"open","ping_status":"closed","template":"","meta":[],"product_cat":[8385,8478],"product_tag":[],"_links":{"self":[{"href":"https:\/\/www.laperlavalles.cat\/es\/wp-json\/wp\/v2\/product\/66925"}],"collection":[{"href":"https:\/\/www.laperlavalles.cat\/es\/wp-json\/wp\/v2\/product"}],"about":[{"href":"https:\/\/www.laperlavalles.cat\/es\/wp-json\/wp\/v2\/types\/product"}],"replies":[{"embeddable":true,"href":"https:\/\/www.laperlavalles.cat\/es\/wp-json\/wp\/v2\/comments?post=66925"}],"wp:featuredmedia":[{"embeddable":true,"href":"https:\/\/www.laperlavalles.cat\/es\/wp-json\/wp\/v2\/media\/166381"}],"wp:attachment":[{"href":"https:\/\/www.laperlavalles.cat\/es\/wp-json\/wp\/v2\/media?parent=66925"}],"wp:term":[{"taxonomy":"product_cat","embeddable":true,"href":"https:\/\/www.laperlavalles.cat\/es\/wp-json\/wp\/v2\/product_cat?post=66925"},{"taxonomy":"product_tag","embeddable":true,"href":"https:\/\/www.laperlavalles.cat\/es\/wp-json\/wp\/v2\/product_tag?post=66925"}],"curies":[{"name":"wp","href":"https:\/\/api.w.org\/{rel}","templated":true}]}}