{"id":66945,"date":"2021-07-12T21:02:59","date_gmt":"2021-07-12T19:03:08","guid":{"rendered":"https:\/\/www.laperlavalles2.bcntic.com\/product\/starling-frutas-del-bosque\/"},"modified":"2023-06-23T11:28:35","modified_gmt":"2023-06-23T09:28:35","slug":"starling-frutas-del-bosque","status":"publish","type":"product","link":"https:\/\/www.laperlavalles.cat\/es\/product\/starling-frutas-del-bosque\/","title":{"rendered":"STARLING FRUTAS DEL BOSQUE"},"content":{"rendered":"<p>Bebida instant\u00e1nea o infusi\u00f3n instant\u00e1nea elaborada a base de extracto de t\u00e9 con sabor a frutas.<\/p>\n","protected":false},"excerpt":{"rendered":"<p>Bebida instant\u00e1nea o infusi\u00f3n instant\u00e1nea elaborada a base de extracto de t\u00e9 con sabor a frutas.<\/p>\n","protected":false},"featured_media":166397,"comment_status":"open","ping_status":"closed","template":"","meta":[],"product_cat":[8385,8478],"product_tag":[],"_links":{"self":[{"href":"https:\/\/www.laperlavalles.cat\/es\/wp-json\/wp\/v2\/product\/66945"}],"collection":[{"href":"https:\/\/www.laperlavalles.cat\/es\/wp-json\/wp\/v2\/product"}],"about":[{"href":"https:\/\/www.laperlavalles.cat\/es\/wp-json\/wp\/v2\/types\/product"}],"replies":[{"embeddable":true,"href":"https:\/\/www.laperlavalles.cat\/es\/wp-json\/wp\/v2\/comments?post=66945"}],"wp:featuredmedia":[{"embeddable":true,"href":"https:\/\/www.laperlavalles.cat\/es\/wp-json\/wp\/v2\/media\/166397"}],"wp:attachment":[{"href":"https:\/\/www.laperlavalles.cat\/es\/wp-json\/wp\/v2\/media?parent=66945"}],"wp:term":[{"taxonomy":"product_cat","embeddable":true,"href":"https:\/\/www.laperlavalles.cat\/es\/wp-json\/wp\/v2\/product_cat?post=66945"},{"taxonomy":"product_tag","embeddable":true,"href":"https:\/\/www.laperlavalles.cat\/es\/wp-json\/wp\/v2\/product_tag?post=66945"}],"curies":[{"name":"wp","href":"https:\/\/api.w.org\/{rel}","templated":true}]}}