{"id":67105,"date":"2021-07-12T21:05:43","date_gmt":"2021-07-12T19:05:52","guid":{"rendered":"https:\/\/www.laperlavalles2.bcntic.com\/product\/starling-te-verde-a-la-menta\/"},"modified":"2023-06-23T10:48:07","modified_gmt":"2023-06-23T08:48:07","slug":"starling-te-verde-a-la-menta","status":"publish","type":"product","link":"https:\/\/www.laperlavalles.cat\/es\/product\/starling-te-verde-a-la-menta\/","title":{"rendered":"STARLING T\u00c9 VERDE A LA MENTA"},"content":{"rendered":"<p>Bebida instant\u00e1nea o infusi\u00f3n instant\u00e1nea elaborada a base de extracto de t\u00e9 con sabor a frutas.<\/p>\n","protected":false},"excerpt":{"rendered":"<p>Bebida instant\u00e1nea o infusi\u00f3n instant\u00e1nea elaborada a base de extracto de t\u00e9 con sabor a frutas.<\/p>\n","protected":false},"featured_media":164573,"comment_status":"open","ping_status":"closed","template":"","meta":[],"product_cat":[8385,8478],"product_tag":[],"_links":{"self":[{"href":"https:\/\/www.laperlavalles.cat\/es\/wp-json\/wp\/v2\/product\/67105"}],"collection":[{"href":"https:\/\/www.laperlavalles.cat\/es\/wp-json\/wp\/v2\/product"}],"about":[{"href":"https:\/\/www.laperlavalles.cat\/es\/wp-json\/wp\/v2\/types\/product"}],"replies":[{"embeddable":true,"href":"https:\/\/www.laperlavalles.cat\/es\/wp-json\/wp\/v2\/comments?post=67105"}],"wp:featuredmedia":[{"embeddable":true,"href":"https:\/\/www.laperlavalles.cat\/es\/wp-json\/wp\/v2\/media\/164573"}],"wp:attachment":[{"href":"https:\/\/www.laperlavalles.cat\/es\/wp-json\/wp\/v2\/media?parent=67105"}],"wp:term":[{"taxonomy":"product_cat","embeddable":true,"href":"https:\/\/www.laperlavalles.cat\/es\/wp-json\/wp\/v2\/product_cat?post=67105"},{"taxonomy":"product_tag","embeddable":true,"href":"https:\/\/www.laperlavalles.cat\/es\/wp-json\/wp\/v2\/product_tag?post=67105"}],"curies":[{"name":"wp","href":"https:\/\/api.w.org\/{rel}","templated":true}]}}