{"id":68845,"date":"2021-07-12T21:35:33","date_gmt":"2021-07-12T19:35:42","guid":{"rendered":"https:\/\/www.laperlavalles2.bcntic.com\/product\/garden-eggs-freshtasty-2\/"},"modified":"2024-02-23T16:31:13","modified_gmt":"2024-02-23T15:31:13","slug":"garden-eggs-freshtasty-2","status":"publish","type":"product","link":"https:\/\/www.laperlavalles.cat\/es\/product\/garden-eggs-freshtasty-2\/","title":{"rendered":"GARDEN EGGS FRESH&amp;TASTY"},"content":{"rendered":"<p>Las Garden Eggs son peque\u00f1as berenjenas africanas. La Perla es distribuidor de alimentaci\u00f3n global o alimentaci\u00f3n \u00e9tnica.<\/p>\n","protected":false},"excerpt":{"rendered":"<p>Las Garden Eggs son peque\u00f1as berenjenas africanas. La Perla es distribuidor de alimentaci\u00f3n global o alimentaci\u00f3n \u00e9tnica.<\/p>\n","protected":false},"featured_media":170648,"comment_status":"open","ping_status":"closed","template":"","meta":[],"product_cat":[8389],"product_tag":[],"_links":{"self":[{"href":"https:\/\/www.laperlavalles.cat\/es\/wp-json\/wp\/v2\/product\/68845"}],"collection":[{"href":"https:\/\/www.laperlavalles.cat\/es\/wp-json\/wp\/v2\/product"}],"about":[{"href":"https:\/\/www.laperlavalles.cat\/es\/wp-json\/wp\/v2\/types\/product"}],"replies":[{"embeddable":true,"href":"https:\/\/www.laperlavalles.cat\/es\/wp-json\/wp\/v2\/comments?post=68845"}],"wp:featuredmedia":[{"embeddable":true,"href":"https:\/\/www.laperlavalles.cat\/es\/wp-json\/wp\/v2\/media\/170648"}],"wp:attachment":[{"href":"https:\/\/www.laperlavalles.cat\/es\/wp-json\/wp\/v2\/media?parent=68845"}],"wp:term":[{"taxonomy":"product_cat","embeddable":true,"href":"https:\/\/www.laperlavalles.cat\/es\/wp-json\/wp\/v2\/product_cat?post=68845"},{"taxonomy":"product_tag","embeddable":true,"href":"https:\/\/www.laperlavalles.cat\/es\/wp-json\/wp\/v2\/product_tag?post=68845"}],"curies":[{"name":"wp","href":"https:\/\/api.w.org\/{rel}","templated":true}]}}