{"id":68865,"date":"2021-07-12T21:35:52","date_gmt":"2021-07-12T19:36:01","guid":{"rendered":"https:\/\/www.laperlavalles2.bcntic.com\/product\/espinacas-jean-nicolas-850ml\/"},"modified":"2025-02-20T11:20:25","modified_gmt":"2025-02-20T10:20:25","slug":"espinacas-jean-nicolas-850ml","status":"publish","type":"product","link":"https:\/\/www.laperlavalles.cat\/es\/product\/espinacas-jean-nicolas-850ml\/","title":{"rendered":"ESPINACAS JEAN NICOLAS 850ML"},"content":{"rendered":"<p>Las espinacas Jean Nicolas en conserva son espinacas troceadas en conserva. Si buscas un distribuidor de alimentaci\u00f3n La Perla provee de alimentaci\u00f3n global, bebidas y cosm\u00e9tica.<\/p>\n","protected":false},"excerpt":{"rendered":"<p>Las espinacas Jean Nicolas en conserva son espinacas troceadas en conserva. Si buscas un distribuidor de alimentaci\u00f3n La Perla provee de alimentaci\u00f3n global, bebidas y cosm\u00e9tica.<\/p>\n","protected":false},"featured_media":157741,"comment_status":"open","ping_status":"closed","template":"","meta":[],"product_cat":[10618],"product_tag":[],"_links":{"self":[{"href":"https:\/\/www.laperlavalles.cat\/es\/wp-json\/wp\/v2\/product\/68865"}],"collection":[{"href":"https:\/\/www.laperlavalles.cat\/es\/wp-json\/wp\/v2\/product"}],"about":[{"href":"https:\/\/www.laperlavalles.cat\/es\/wp-json\/wp\/v2\/types\/product"}],"replies":[{"embeddable":true,"href":"https:\/\/www.laperlavalles.cat\/es\/wp-json\/wp\/v2\/comments?post=68865"}],"wp:featuredmedia":[{"embeddable":true,"href":"https:\/\/www.laperlavalles.cat\/es\/wp-json\/wp\/v2\/media\/157741"}],"wp:attachment":[{"href":"https:\/\/www.laperlavalles.cat\/es\/wp-json\/wp\/v2\/media?parent=68865"}],"wp:term":[{"taxonomy":"product_cat","embeddable":true,"href":"https:\/\/www.laperlavalles.cat\/es\/wp-json\/wp\/v2\/product_cat?post=68865"},{"taxonomy":"product_tag","embeddable":true,"href":"https:\/\/www.laperlavalles.cat\/es\/wp-json\/wp\/v2\/product_tag?post=68865"}],"curies":[{"name":"wp","href":"https:\/\/api.w.org\/{rel}","templated":true}]}}