{"id":68885,"date":"2021-07-12T21:36:11","date_gmt":"2021-07-12T19:36:19","guid":{"rendered":"https:\/\/www.laperlavalles2.bcntic.com\/product\/espinacas-halah-850gr\/"},"modified":"2023-06-23T08:17:17","modified_gmt":"2023-06-23T06:17:17","slug":"espinacas-halah-850gr","status":"publish","type":"product","link":"https:\/\/www.laperlavalles.cat\/es\/product\/espinacas-halah-850gr\/","title":{"rendered":"ESPINACAS HALAH 850GR"},"content":{"rendered":"<p>Las espinacas Halah en conserva son espinacas troceadas en conserva. Si buscas un distribuidor de alimentaci\u00f3n La Perla provee de alimentaci\u00f3n global, bebidas y cosm\u00e9tica.<\/p>\n","protected":false},"excerpt":{"rendered":"<p>Las espinacas Halah en conserva son espinacas troceadas en conserva. Si buscas un distribuidor de alimentaci\u00f3n La Perla provee de alimentaci\u00f3n global, bebidas y cosm\u00e9tica.<\/p>\n","protected":false},"featured_media":157757,"comment_status":"open","ping_status":"closed","template":"","meta":[],"product_cat":[8389],"product_tag":[],"_links":{"self":[{"href":"https:\/\/www.laperlavalles.cat\/es\/wp-json\/wp\/v2\/product\/68885"}],"collection":[{"href":"https:\/\/www.laperlavalles.cat\/es\/wp-json\/wp\/v2\/product"}],"about":[{"href":"https:\/\/www.laperlavalles.cat\/es\/wp-json\/wp\/v2\/types\/product"}],"replies":[{"embeddable":true,"href":"https:\/\/www.laperlavalles.cat\/es\/wp-json\/wp\/v2\/comments?post=68885"}],"wp:featuredmedia":[{"embeddable":true,"href":"https:\/\/www.laperlavalles.cat\/es\/wp-json\/wp\/v2\/media\/157757"}],"wp:attachment":[{"href":"https:\/\/www.laperlavalles.cat\/es\/wp-json\/wp\/v2\/media?parent=68885"}],"wp:term":[{"taxonomy":"product_cat","embeddable":true,"href":"https:\/\/www.laperlavalles.cat\/es\/wp-json\/wp\/v2\/product_cat?post=68885"},{"taxonomy":"product_tag","embeddable":true,"href":"https:\/\/www.laperlavalles.cat\/es\/wp-json\/wp\/v2\/product_tag?post=68885"}],"curies":[{"name":"wp","href":"https:\/\/api.w.org\/{rel}","templated":true}]}}