{"id":69985,"date":"2021-07-12T21:54:07","date_gmt":"2021-07-12T19:54:16","guid":{"rendered":"https:\/\/www.laperlavalles2.bcntic.com\/product\/champu-sin-sulfato-de-aguacte-cantu\/"},"modified":"2023-06-23T12:51:41","modified_gmt":"2023-06-23T10:51:41","slug":"champu-sin-sulfato-de-aguacte-cantu","status":"publish","type":"product","link":"https:\/\/www.laperlavalles.cat\/es\/product\/champu-sin-sulfato-de-aguacte-cantu\/","title":{"rendered":"CANTU AVOCADO SHAMPOO"},"content":{"rendered":"<p>Champ\u00fa hidratante elaborado a base de aceite de aguacate. Perla es distribuidor oficial de Cantu. Consulta en nuestro cat\u00e1logo todas las gamas disponibles de cosm\u00e9ticos y accesorios Cantu.<\/p>\n","protected":false},"excerpt":{"rendered":"<p>Champ\u00fa hidratante elaborado a base de aceite de aguacate. Perla es distribuidor oficial de Cantu. Consulta en nuestro cat\u00e1logo todas las gamas disponibles de cosm\u00e9ticos y<span class=\"excerpt-hellip\"> [\u2026]<\/span><\/p>\n","protected":false},"featured_media":170141,"comment_status":"open","ping_status":"closed","template":"","meta":[],"product_cat":[8403,24330],"product_tag":[],"_links":{"self":[{"href":"https:\/\/www.laperlavalles.cat\/es\/wp-json\/wp\/v2\/product\/69985"}],"collection":[{"href":"https:\/\/www.laperlavalles.cat\/es\/wp-json\/wp\/v2\/product"}],"about":[{"href":"https:\/\/www.laperlavalles.cat\/es\/wp-json\/wp\/v2\/types\/product"}],"replies":[{"embeddable":true,"href":"https:\/\/www.laperlavalles.cat\/es\/wp-json\/wp\/v2\/comments?post=69985"}],"wp:featuredmedia":[{"embeddable":true,"href":"https:\/\/www.laperlavalles.cat\/es\/wp-json\/wp\/v2\/media\/170141"}],"wp:attachment":[{"href":"https:\/\/www.laperlavalles.cat\/es\/wp-json\/wp\/v2\/media?parent=69985"}],"wp:term":[{"taxonomy":"product_cat","embeddable":true,"href":"https:\/\/www.laperlavalles.cat\/es\/wp-json\/wp\/v2\/product_cat?post=69985"},{"taxonomy":"product_tag","embeddable":true,"href":"https:\/\/www.laperlavalles.cat\/es\/wp-json\/wp\/v2\/product_tag?post=69985"}],"curies":[{"name":"wp","href":"https:\/\/api.w.org\/{rel}","templated":true}]}}