{"id":70385,"date":"2021-07-12T22:01:39","date_gmt":"2021-07-12T20:01:48","guid":{"rendered":"https:\/\/www.laperlavalles2.bcntic.com\/product\/gel-proteinico-oscuro-estilo-eco\/"},"modified":"2022-06-30T13:26:31","modified_gmt":"2022-06-30T11:26:31","slug":"gel-proteinico-oscuro-estilo-eco","status":"publish","type":"product","link":"https:\/\/www.laperlavalles.cat\/es\/product\/gel-proteinico-oscuro-estilo-eco\/","title":{"rendered":"GEL PROTE\u00cdNICO OSCURO ESTILO ECO"},"content":{"rendered":"<p>Gel prote\u00ednico oscuro estilo eco. Gel fijador para cabello seco y da\u00f1ado. <\/p>\n","protected":false},"excerpt":{"rendered":"<p>Gel prote\u00ednico oscuro estilo eco. Gel fijador para cabello seco y da\u00f1ado.<\/p>\n","protected":false},"featured_media":112495,"comment_status":"open","ping_status":"closed","template":"","meta":[],"product_cat":[8403],"product_tag":[],"_links":{"self":[{"href":"https:\/\/www.laperlavalles.cat\/es\/wp-json\/wp\/v2\/product\/70385"}],"collection":[{"href":"https:\/\/www.laperlavalles.cat\/es\/wp-json\/wp\/v2\/product"}],"about":[{"href":"https:\/\/www.laperlavalles.cat\/es\/wp-json\/wp\/v2\/types\/product"}],"replies":[{"embeddable":true,"href":"https:\/\/www.laperlavalles.cat\/es\/wp-json\/wp\/v2\/comments?post=70385"}],"wp:featuredmedia":[{"embeddable":true,"href":"https:\/\/www.laperlavalles.cat\/es\/wp-json\/wp\/v2\/media\/112495"}],"wp:attachment":[{"href":"https:\/\/www.laperlavalles.cat\/es\/wp-json\/wp\/v2\/media?parent=70385"}],"wp:term":[{"taxonomy":"product_cat","embeddable":true,"href":"https:\/\/www.laperlavalles.cat\/es\/wp-json\/wp\/v2\/product_cat?post=70385"},{"taxonomy":"product_tag","embeddable":true,"href":"https:\/\/www.laperlavalles.cat\/es\/wp-json\/wp\/v2\/product_tag?post=70385"}],"curies":[{"name":"wp","href":"https:\/\/api.w.org\/{rel}","templated":true}]}}