{"id":71185,"date":"2021-07-12T22:16:51","date_gmt":"2021-07-12T20:17:00","guid":{"rendered":"https:\/\/www.laperlavalles2.bcntic.com\/product\/tinte-bigen-46\/"},"modified":"2025-07-03T09:51:58","modified_gmt":"2025-07-03T07:51:58","slug":"tinte-bigen-46","status":"publish","type":"product","link":"https:\/\/www.laperlavalles.cat\/es\/product\/tinte-bigen-46\/","title":{"rendered":"BIGEN TINTE PERMANENTE EN POLVO CASTA\u00d1O CLARO &#8211; N\u00ba46"},"content":{"rendered":"<p>Bigen es un tinte permanente en polvo que brinda resultados de larga duraci\u00f3n. Su f\u00f3rmula \u00fanica en polvo se activa con el agua, por lo que no necesita de agua oxigenada ni contienen amoniaco lo cual le permite tratar con suavidad a su cabello.Color profundo, brillante y duradero. Cubre el 100% de canas<\/p>\n","protected":false},"excerpt":{"rendered":"<p>Bigen es un tinte permanente en polvo que brinda resultados de larga duraci\u00f3n. Su f\u00f3rmula \u00fanica en polvo se activa con el agua, por lo que<span class=\"excerpt-hellip\"> [\u2026]<\/span><\/p>\n","protected":false},"featured_media":165245,"comment_status":"open","ping_status":"closed","template":"","meta":[],"product_cat":[8403,24330],"product_tag":[],"_links":{"self":[{"href":"https:\/\/www.laperlavalles.cat\/es\/wp-json\/wp\/v2\/product\/71185"}],"collection":[{"href":"https:\/\/www.laperlavalles.cat\/es\/wp-json\/wp\/v2\/product"}],"about":[{"href":"https:\/\/www.laperlavalles.cat\/es\/wp-json\/wp\/v2\/types\/product"}],"replies":[{"embeddable":true,"href":"https:\/\/www.laperlavalles.cat\/es\/wp-json\/wp\/v2\/comments?post=71185"}],"wp:featuredmedia":[{"embeddable":true,"href":"https:\/\/www.laperlavalles.cat\/es\/wp-json\/wp\/v2\/media\/165245"}],"wp:attachment":[{"href":"https:\/\/www.laperlavalles.cat\/es\/wp-json\/wp\/v2\/media?parent=71185"}],"wp:term":[{"taxonomy":"product_cat","embeddable":true,"href":"https:\/\/www.laperlavalles.cat\/es\/wp-json\/wp\/v2\/product_cat?post=71185"},{"taxonomy":"product_tag","embeddable":true,"href":"https:\/\/www.laperlavalles.cat\/es\/wp-json\/wp\/v2\/product_tag?post=71185"}],"curies":[{"name":"wp","href":"https:\/\/api.w.org\/{rel}","templated":true}]}}