{"id":71205,"date":"2021-07-12T22:17:14","date_gmt":"2021-07-12T20:17:23","guid":{"rendered":"https:\/\/www.laperlavalles2.bcntic.com\/product\/tinte-bigen-47\/"},"modified":"2025-07-03T09:53:02","modified_gmt":"2025-07-03T07:53:02","slug":"tinte-bigen-47","status":"publish","type":"product","link":"https:\/\/www.laperlavalles.cat\/es\/product\/tinte-bigen-47\/","title":{"rendered":"BIGEN TINTE PERMANENTE EN POLVO CASTA\u00d1O MEDIO &#8211; N\u00ba47"},"content":{"rendered":"<p>El color de cabello permanente activado por agua de Bigen no contiene amon\u00edaco, no requiere per\u00f3xido de hidr\u00f3geno Colorea tu cabello sin acci\u00f3n de aclarado, menos da\u00f1o que otros productos de color de cabello ordinarios<\/p>\n","protected":false},"excerpt":{"rendered":"<p>El color de cabello permanente activado por agua de Bigen no contiene amon\u00edaco, no requiere per\u00f3xido de hidr\u00f3geno Colorea tu cabello sin acci\u00f3n de aclarado, menos<span class=\"excerpt-hellip\"> [\u2026]<\/span><\/p>\n","protected":false},"featured_media":165261,"comment_status":"open","ping_status":"closed","template":"","meta":[],"product_cat":[8403,24330],"product_tag":[],"_links":{"self":[{"href":"https:\/\/www.laperlavalles.cat\/es\/wp-json\/wp\/v2\/product\/71205"}],"collection":[{"href":"https:\/\/www.laperlavalles.cat\/es\/wp-json\/wp\/v2\/product"}],"about":[{"href":"https:\/\/www.laperlavalles.cat\/es\/wp-json\/wp\/v2\/types\/product"}],"replies":[{"embeddable":true,"href":"https:\/\/www.laperlavalles.cat\/es\/wp-json\/wp\/v2\/comments?post=71205"}],"wp:featuredmedia":[{"embeddable":true,"href":"https:\/\/www.laperlavalles.cat\/es\/wp-json\/wp\/v2\/media\/165261"}],"wp:attachment":[{"href":"https:\/\/www.laperlavalles.cat\/es\/wp-json\/wp\/v2\/media?parent=71205"}],"wp:term":[{"taxonomy":"product_cat","embeddable":true,"href":"https:\/\/www.laperlavalles.cat\/es\/wp-json\/wp\/v2\/product_cat?post=71205"},{"taxonomy":"product_tag","embeddable":true,"href":"https:\/\/www.laperlavalles.cat\/es\/wp-json\/wp\/v2\/product_tag?post=71205"}],"curies":[{"name":"wp","href":"https:\/\/api.w.org\/{rel}","templated":true}]}}