{"id":71285,"date":"2021-07-12T22:18:44","date_gmt":"2021-07-12T20:18:53","guid":{"rendered":"https:\/\/www.laperlavalles2.bcntic.com\/product\/tinte-bigen-58\/"},"modified":"2025-07-03T09:56:27","modified_gmt":"2025-07-03T07:56:27","slug":"tinte-bigen-58","status":"publish","type":"product","link":"https:\/\/www.laperlavalles.cat\/es\/product\/tinte-bigen-58\/","title":{"rendered":"BIGEN TINTE PERMANENTE EN POLVO NEGRO CASTA\u00d1O &#8211; N\u00ba58"},"content":{"rendered":"<p>La coloraci\u00f3n permanente Bigen Black Brown no contiene amoniaco ni per\u00f3xido de hidr\u00f3geno. Colorea el cabello sin levantar (aclarar) la acci\u00f3n, y con menos da\u00f1o que otros productos de coloraci\u00f3n del cabello. <\/p>\n","protected":false},"excerpt":{"rendered":"<p>La coloraci\u00f3n permanente Bigen Black Brown no contiene amoniaco ni per\u00f3xido de hidr\u00f3geno. Colorea el cabello sin levantar (aclarar) la acci\u00f3n, y con menos da\u00f1o que<span class=\"excerpt-hellip\"> [\u2026]<\/span><\/p>\n","protected":false},"featured_media":165325,"comment_status":"open","ping_status":"closed","template":"","meta":[],"product_cat":[8403,24330],"product_tag":[],"_links":{"self":[{"href":"https:\/\/www.laperlavalles.cat\/es\/wp-json\/wp\/v2\/product\/71285"}],"collection":[{"href":"https:\/\/www.laperlavalles.cat\/es\/wp-json\/wp\/v2\/product"}],"about":[{"href":"https:\/\/www.laperlavalles.cat\/es\/wp-json\/wp\/v2\/types\/product"}],"replies":[{"embeddable":true,"href":"https:\/\/www.laperlavalles.cat\/es\/wp-json\/wp\/v2\/comments?post=71285"}],"wp:featuredmedia":[{"embeddable":true,"href":"https:\/\/www.laperlavalles.cat\/es\/wp-json\/wp\/v2\/media\/165325"}],"wp:attachment":[{"href":"https:\/\/www.laperlavalles.cat\/es\/wp-json\/wp\/v2\/media?parent=71285"}],"wp:term":[{"taxonomy":"product_cat","embeddable":true,"href":"https:\/\/www.laperlavalles.cat\/es\/wp-json\/wp\/v2\/product_cat?post=71285"},{"taxonomy":"product_tag","embeddable":true,"href":"https:\/\/www.laperlavalles.cat\/es\/wp-json\/wp\/v2\/product_tag?post=71285"}],"curies":[{"name":"wp","href":"https:\/\/api.w.org\/{rel}","templated":true}]}}