{"id":71305,"date":"2021-07-12T22:19:07","date_gmt":"2021-07-12T20:19:16","guid":{"rendered":"https:\/\/www.laperlavalles2.bcntic.com\/product\/tinte-bigen-59\/"},"modified":"2024-07-10T10:22:19","modified_gmt":"2024-07-10T08:22:19","slug":"tinte-bigen-59","status":"publish","type":"product","link":"https:\/\/www.laperlavalles.cat\/es\/product\/tinte-bigen-59\/","title":{"rendered":"BIGEN TINTE PERMANENTE EN POLVO NEGRO ORIENTAL &#8211; N\u00ba59"},"content":{"rendered":"<p>Bigen es un tinte permanente en polvo, sin amon\u00edaco y mezclado s\u00f3lo con agua natural. Es suave con el cabello gracias a una f\u00f3rmula desarrollada con tecnolog\u00eda japonesa a base de extractos naturales.<\/p>\n","protected":false},"excerpt":{"rendered":"<p>Bigen es un tinte permanente en polvo, sin amon\u00edaco y mezclado s\u00f3lo con agua natural. Es suave con el cabello gracias a una f\u00f3rmula desarrollada con<span class=\"excerpt-hellip\"> [\u2026]<\/span><\/p>\n","protected":false},"featured_media":165341,"comment_status":"open","ping_status":"closed","template":"","meta":[],"product_cat":[8403,24330],"product_tag":[],"_links":{"self":[{"href":"https:\/\/www.laperlavalles.cat\/es\/wp-json\/wp\/v2\/product\/71305"}],"collection":[{"href":"https:\/\/www.laperlavalles.cat\/es\/wp-json\/wp\/v2\/product"}],"about":[{"href":"https:\/\/www.laperlavalles.cat\/es\/wp-json\/wp\/v2\/types\/product"}],"replies":[{"embeddable":true,"href":"https:\/\/www.laperlavalles.cat\/es\/wp-json\/wp\/v2\/comments?post=71305"}],"wp:featuredmedia":[{"embeddable":true,"href":"https:\/\/www.laperlavalles.cat\/es\/wp-json\/wp\/v2\/media\/165341"}],"wp:attachment":[{"href":"https:\/\/www.laperlavalles.cat\/es\/wp-json\/wp\/v2\/media?parent=71305"}],"wp:term":[{"taxonomy":"product_cat","embeddable":true,"href":"https:\/\/www.laperlavalles.cat\/es\/wp-json\/wp\/v2\/product_cat?post=71305"},{"taxonomy":"product_tag","embeddable":true,"href":"https:\/\/www.laperlavalles.cat\/es\/wp-json\/wp\/v2\/product_tag?post=71305"}],"curies":[{"name":"wp","href":"https:\/\/api.w.org\/{rel}","templated":true}]}}