{"id":72185,"date":"2021-07-12T22:35:49","date_gmt":"2021-07-12T20:35:58","guid":{"rendered":"https:\/\/www.laperlavalles2.bcntic.com\/product\/locion-hidratante-ayira\/"},"modified":"2023-06-23T11:48:11","modified_gmt":"2023-06-23T09:48:11","slug":"locion-hidratante-ayira","status":"publish","type":"product","link":"https:\/\/www.laperlavalles.cat\/es\/product\/locion-hidratante-ayira\/","title":{"rendered":"HAND &amp; BODY LOTION AYIRA"},"content":{"rendered":"<p>Loci\u00f3n hidratante Ayira. La loci\u00f3n hidratante Ayira es una loci\u00f3n hidratante para manos y cuerpo.<\/p>\n","protected":false},"excerpt":{"rendered":"<p>Loci\u00f3n hidratante Ayira. La loci\u00f3n hidratante Ayira es una loci\u00f3n hidratante para manos y cuerpo.<\/p>\n","protected":false},"featured_media":167272,"comment_status":"open","ping_status":"closed","template":"","meta":[],"product_cat":[8403],"product_tag":[],"_links":{"self":[{"href":"https:\/\/www.laperlavalles.cat\/es\/wp-json\/wp\/v2\/product\/72185"}],"collection":[{"href":"https:\/\/www.laperlavalles.cat\/es\/wp-json\/wp\/v2\/product"}],"about":[{"href":"https:\/\/www.laperlavalles.cat\/es\/wp-json\/wp\/v2\/types\/product"}],"replies":[{"embeddable":true,"href":"https:\/\/www.laperlavalles.cat\/es\/wp-json\/wp\/v2\/comments?post=72185"}],"wp:featuredmedia":[{"embeddable":true,"href":"https:\/\/www.laperlavalles.cat\/es\/wp-json\/wp\/v2\/media\/167272"}],"wp:attachment":[{"href":"https:\/\/www.laperlavalles.cat\/es\/wp-json\/wp\/v2\/media?parent=72185"}],"wp:term":[{"taxonomy":"product_cat","embeddable":true,"href":"https:\/\/www.laperlavalles.cat\/es\/wp-json\/wp\/v2\/product_cat?post=72185"},{"taxonomy":"product_tag","embeddable":true,"href":"https:\/\/www.laperlavalles.cat\/es\/wp-json\/wp\/v2\/product_tag?post=72185"}],"curies":[{"name":"wp","href":"https:\/\/api.w.org\/{rel}","templated":true}]}}