{"id":72745,"date":"2021-07-12T22:46:17","date_gmt":"2021-07-12T20:46:26","guid":{"rendered":"https:\/\/www.laperlavalles2.bcntic.com\/product\/vaseline-100gr-2\/"},"modified":"2025-07-03T10:32:40","modified_gmt":"2025-07-03T08:32:40","slug":"vaseline-100gr-2","status":"publish","type":"product","link":"https:\/\/www.laperlavalles.cat\/es\/product\/vaseline-100gr-2\/","title":{"rendered":"VASELINA 100GR"},"content":{"rendered":"<p>Vaselina pura de 100 g, hecha con 100% petrolatum triple purificado. Hipoalerg\u00e9nica y no comedog\u00e9nica, perfecta para proteger, hidratar y reparar la piel seca, agrietada o irritada. Ayuda a curar peque\u00f1as heridas, quemaduras, rozaduras, labios secos, manos \u00e1speras, irritaciones y zonas expuestas al fr\u00edo o la fricci\u00f3n. Forma una barrera protectora que sella la humedad y favorece la recuperaci\u00f3n de la piel. Apta para todo tipo de pieles, incluso la de beb\u00e9s<\/p>\n","protected":false},"excerpt":{"rendered":"<p>Vaselina pura de 100 g, hecha con 100% petrolatum triple purificado. Hipoalerg\u00e9nica y no comedog\u00e9nica, perfecta para proteger, hidratar y reparar la piel seca, agrietada o<span class=\"excerpt-hellip\"> [\u2026]<\/span><\/p>\n","protected":false},"featured_media":148473,"comment_status":"open","ping_status":"closed","template":"","meta":[],"product_cat":[8403,8484],"product_tag":[],"_links":{"self":[{"href":"https:\/\/www.laperlavalles.cat\/es\/wp-json\/wp\/v2\/product\/72745"}],"collection":[{"href":"https:\/\/www.laperlavalles.cat\/es\/wp-json\/wp\/v2\/product"}],"about":[{"href":"https:\/\/www.laperlavalles.cat\/es\/wp-json\/wp\/v2\/types\/product"}],"replies":[{"embeddable":true,"href":"https:\/\/www.laperlavalles.cat\/es\/wp-json\/wp\/v2\/comments?post=72745"}],"wp:featuredmedia":[{"embeddable":true,"href":"https:\/\/www.laperlavalles.cat\/es\/wp-json\/wp\/v2\/media\/148473"}],"wp:attachment":[{"href":"https:\/\/www.laperlavalles.cat\/es\/wp-json\/wp\/v2\/media?parent=72745"}],"wp:term":[{"taxonomy":"product_cat","embeddable":true,"href":"https:\/\/www.laperlavalles.cat\/es\/wp-json\/wp\/v2\/product_cat?post=72745"},{"taxonomy":"product_tag","embeddable":true,"href":"https:\/\/www.laperlavalles.cat\/es\/wp-json\/wp\/v2\/product_tag?post=72745"}],"curies":[{"name":"wp","href":"https:\/\/api.w.org\/{rel}","templated":true}]}}