{"id":72785,"date":"2021-07-12T22:46:54","date_gmt":"2021-07-12T20:47:02","guid":{"rendered":"https:\/\/www.laperlavalles2.bcntic.com\/product\/crema-hidratante-queen-helene-15oz\/"},"modified":"2025-03-17T14:45:14","modified_gmt":"2025-03-17T13:45:14","slug":"crema-hidratante-queen-helene-15oz","status":"publish","type":"product","link":"https:\/\/www.laperlavalles.cat\/es\/product\/crema-hidratante-queen-helene-15oz\/","title":{"rendered":"QUEEN HELENE CREMA HIDRATANT 15OZ"},"content":{"rendered":"<p>La Crema Hidratante Queen Helene de 15 oz est\u00e1 formulada para hidratar profundamente la piel seca, dej\u00e1ndola suave, flexible y con una sensaci\u00f3n de confort duradero. Ideal para el uso diario, ayuda a restaurar la humedad natural de la piel.<\/p>\n","protected":false},"excerpt":{"rendered":"<p>La Crema Hidratante Queen Helene de 15 oz est\u00e1 formulada para hidratar profundamente la piel seca, dej\u00e1ndola suave, flexible y con una sensaci\u00f3n de confort duradero.<span class=\"excerpt-hellip\"> [\u2026]<\/span><\/p>\n","protected":false},"featured_media":147044,"comment_status":"open","ping_status":"closed","template":"","meta":[],"product_cat":[8403,8484],"product_tag":[],"_links":{"self":[{"href":"https:\/\/www.laperlavalles.cat\/es\/wp-json\/wp\/v2\/product\/72785"}],"collection":[{"href":"https:\/\/www.laperlavalles.cat\/es\/wp-json\/wp\/v2\/product"}],"about":[{"href":"https:\/\/www.laperlavalles.cat\/es\/wp-json\/wp\/v2\/types\/product"}],"replies":[{"embeddable":true,"href":"https:\/\/www.laperlavalles.cat\/es\/wp-json\/wp\/v2\/comments?post=72785"}],"wp:featuredmedia":[{"embeddable":true,"href":"https:\/\/www.laperlavalles.cat\/es\/wp-json\/wp\/v2\/media\/147044"}],"wp:attachment":[{"href":"https:\/\/www.laperlavalles.cat\/es\/wp-json\/wp\/v2\/media?parent=72785"}],"wp:term":[{"taxonomy":"product_cat","embeddable":true,"href":"https:\/\/www.laperlavalles.cat\/es\/wp-json\/wp\/v2\/product_cat?post=72785"},{"taxonomy":"product_tag","embeddable":true,"href":"https:\/\/www.laperlavalles.cat\/es\/wp-json\/wp\/v2\/product_tag?post=72785"}],"curies":[{"name":"wp","href":"https:\/\/api.w.org\/{rel}","templated":true}]}}