{"id":72805,"date":"2021-07-12T22:47:12","date_gmt":"2021-07-12T20:47:20","guid":{"rendered":"https:\/\/www.laperlavalles2.bcntic.com\/product\/locion-hidratante-queen-helene-16oz\/"},"modified":"2025-03-17T15:12:35","modified_gmt":"2025-03-17T14:12:35","slug":"locion-hidratante-queen-helene-16oz","status":"publish","type":"product","link":"https:\/\/www.laperlavalles.cat\/es\/product\/locion-hidratante-queen-helene-16oz\/","title":{"rendered":"LOCI\u00d3N HIDRATANTE QUEEN HELENE 16OZ"},"content":{"rendered":"<p>Queen Helene Cocoa Butter Hand &amp; Body Lotion es una loci\u00f3n para manos y cuerpo que combina manteca de cacao natural y lanolina pura para hidratar y suavizar la piel seca. Su f\u00f3rmula no grasosa ayuda a restaurar el equilibrio de humedad esencial y a prevenir la sequedad, dejando la piel suave y flexible.<\/p>\n","protected":false},"excerpt":{"rendered":"<p>Queen Helene Cocoa Butter Hand &amp; Body Lotion es una loci\u00f3n para manos y cuerpo que combina manteca de cacao natural y lanolina pura para hidratar<span class=\"excerpt-hellip\"> [\u2026]<\/span><\/p>\n","protected":false},"featured_media":147060,"comment_status":"open","ping_status":"closed","template":"","meta":[],"product_cat":[8403,8484],"product_tag":[],"_links":{"self":[{"href":"https:\/\/www.laperlavalles.cat\/es\/wp-json\/wp\/v2\/product\/72805"}],"collection":[{"href":"https:\/\/www.laperlavalles.cat\/es\/wp-json\/wp\/v2\/product"}],"about":[{"href":"https:\/\/www.laperlavalles.cat\/es\/wp-json\/wp\/v2\/types\/product"}],"replies":[{"embeddable":true,"href":"https:\/\/www.laperlavalles.cat\/es\/wp-json\/wp\/v2\/comments?post=72805"}],"wp:featuredmedia":[{"embeddable":true,"href":"https:\/\/www.laperlavalles.cat\/es\/wp-json\/wp\/v2\/media\/147060"}],"wp:attachment":[{"href":"https:\/\/www.laperlavalles.cat\/es\/wp-json\/wp\/v2\/media?parent=72805"}],"wp:term":[{"taxonomy":"product_cat","embeddable":true,"href":"https:\/\/www.laperlavalles.cat\/es\/wp-json\/wp\/v2\/product_cat?post=72805"},{"taxonomy":"product_tag","embeddable":true,"href":"https:\/\/www.laperlavalles.cat\/es\/wp-json\/wp\/v2\/product_tag?post=72805"}],"curies":[{"name":"wp","href":"https:\/\/api.w.org\/{rel}","templated":true}]}}