{"id":73405,"date":"2021-07-12T22:57:35","date_gmt":"2021-07-12T20:57:45","guid":{"rendered":"https:\/\/www.laperlavalles2.bcntic.com\/product\/cerveza-tsingtao-47o-33cl\/"},"modified":"2023-06-23T12:32:05","modified_gmt":"2023-06-23T10:32:05","slug":"cerveza-tsingtao-47o-33cl","status":"publish","type":"product","link":"https:\/\/www.laperlavalles.cat\/es\/product\/cerveza-tsingtao-47o-33cl\/","title":{"rendered":"Cerveza Tsingtao 4&#8217;7\u00ba 33CL"},"content":{"rendered":"<p>Cerveza Premium Lager 4&#8217;7\u00ba.<br \/>\nLa cerveza Tsingtao es la cerveza n\u00ba1 en ventas por excelencia desde su creaci\u00f3n en 1903. Es la m\u00e1s popular en China y es exportada a muchos pa\u00edses de Europa.<br \/>\nCaracter\u00edsticas: cerveza de color amarillo claro, con un agradable aroma y sabor equilibrado. La malta y el l\u00fapulo le dan un car\u00e1cter refrescante a la cerveza.<br \/>\nOrigen: China<br \/>\nContiene alcohol.<\/p>\n","protected":false},"excerpt":{"rendered":"<p>Cerveza Premium Lager 4&#8217;7\u00ba. La cerveza Tsingtao es la cerveza n\u00ba1 en ventas por excelencia desde su creaci\u00f3n en 1903. Es la m\u00e1s popular en China<span class=\"excerpt-hellip\"> [\u2026]<\/span><\/p>\n","protected":false},"featured_media":169277,"comment_status":"open","ping_status":"closed","template":"","meta":[],"product_cat":[8385,8486],"product_tag":[],"_links":{"self":[{"href":"https:\/\/www.laperlavalles.cat\/es\/wp-json\/wp\/v2\/product\/73405"}],"collection":[{"href":"https:\/\/www.laperlavalles.cat\/es\/wp-json\/wp\/v2\/product"}],"about":[{"href":"https:\/\/www.laperlavalles.cat\/es\/wp-json\/wp\/v2\/types\/product"}],"replies":[{"embeddable":true,"href":"https:\/\/www.laperlavalles.cat\/es\/wp-json\/wp\/v2\/comments?post=73405"}],"wp:featuredmedia":[{"embeddable":true,"href":"https:\/\/www.laperlavalles.cat\/es\/wp-json\/wp\/v2\/media\/169277"}],"wp:attachment":[{"href":"https:\/\/www.laperlavalles.cat\/es\/wp-json\/wp\/v2\/media?parent=73405"}],"wp:term":[{"taxonomy":"product_cat","embeddable":true,"href":"https:\/\/www.laperlavalles.cat\/es\/wp-json\/wp\/v2\/product_cat?post=73405"},{"taxonomy":"product_tag","embeddable":true,"href":"https:\/\/www.laperlavalles.cat\/es\/wp-json\/wp\/v2\/product_tag?post=73405"}],"curies":[{"name":"wp","href":"https:\/\/api.w.org\/{rel}","templated":true}]}}