{"id":73905,"date":"2021-07-12T23:05:43","date_gmt":"2021-07-12T21:05:52","guid":{"rendered":"https:\/\/www.laperlavalles2.bcntic.com\/product\/cafe-touba-halah\/"},"modified":"2023-06-23T09:40:36","modified_gmt":"2023-06-23T07:40:36","slug":"cafe-touba-halah","status":"publish","type":"product","link":"https:\/\/www.laperlavalles.cat\/es\/product\/cafe-touba-halah\/","title":{"rendered":"CAF\u00c9 TOUBA HALAH"},"content":{"rendered":"<p>Caf\u00e9 Touba Halah es el t\u00edpico caf\u00e9 senegal\u00e9s con el tradicional toque picante. <\/p>\n","protected":false},"excerpt":{"rendered":"<p>Caf\u00e9 Touba Halah es el t\u00edpico caf\u00e9 senegal\u00e9s con el tradicional toque picante.<\/p>\n","protected":false},"featured_media":161544,"comment_status":"open","ping_status":"closed","template":"","meta":[],"product_cat":[8386,8487],"product_tag":[],"_links":{"self":[{"href":"https:\/\/www.laperlavalles.cat\/es\/wp-json\/wp\/v2\/product\/73905"}],"collection":[{"href":"https:\/\/www.laperlavalles.cat\/es\/wp-json\/wp\/v2\/product"}],"about":[{"href":"https:\/\/www.laperlavalles.cat\/es\/wp-json\/wp\/v2\/types\/product"}],"replies":[{"embeddable":true,"href":"https:\/\/www.laperlavalles.cat\/es\/wp-json\/wp\/v2\/comments?post=73905"}],"wp:featuredmedia":[{"embeddable":true,"href":"https:\/\/www.laperlavalles.cat\/es\/wp-json\/wp\/v2\/media\/161544"}],"wp:attachment":[{"href":"https:\/\/www.laperlavalles.cat\/es\/wp-json\/wp\/v2\/media?parent=73905"}],"wp:term":[{"taxonomy":"product_cat","embeddable":true,"href":"https:\/\/www.laperlavalles.cat\/es\/wp-json\/wp\/v2\/product_cat?post=73905"},{"taxonomy":"product_tag","embeddable":true,"href":"https:\/\/www.laperlavalles.cat\/es\/wp-json\/wp\/v2\/product_tag?post=73905"}],"curies":[{"name":"wp","href":"https:\/\/api.w.org\/{rel}","templated":true}]}}