{"id":75925,"date":"2021-07-12T23:41:06","date_gmt":"2021-07-12T21:41:15","guid":{"rendered":"https:\/\/www.laperlavalles2.bcntic.com\/product\/nectar-de-multifrutas-mocitos-1l\/"},"modified":"2023-06-23T10:00:09","modified_gmt":"2023-06-23T08:00:09","slug":"nectar-de-multifrutas-mocitos-1l","status":"publish","type":"product","link":"https:\/\/www.laperlavalles.cat\/es\/product\/nectar-de-multifrutas-mocitos-1l\/","title":{"rendered":"N\u00c9CTAR DE MULTIFRUTAS MOCITOS 1L"},"content":{"rendered":"<p>N\u00e9ctar mocitos. N\u00e9ctar de multifrutas sin az\u00facares a\u00f1adidos.<\/p>\n","protected":false},"excerpt":{"rendered":"<p>N\u00e9ctar mocitos. N\u00e9ctar de multifrutas sin az\u00facares a\u00f1adidos.<\/p>\n","protected":false},"featured_media":162429,"comment_status":"open","ping_status":"closed","template":"","meta":[],"product_cat":[8385,9205],"product_tag":[],"_links":{"self":[{"href":"https:\/\/www.laperlavalles.cat\/es\/wp-json\/wp\/v2\/product\/75925"}],"collection":[{"href":"https:\/\/www.laperlavalles.cat\/es\/wp-json\/wp\/v2\/product"}],"about":[{"href":"https:\/\/www.laperlavalles.cat\/es\/wp-json\/wp\/v2\/types\/product"}],"replies":[{"embeddable":true,"href":"https:\/\/www.laperlavalles.cat\/es\/wp-json\/wp\/v2\/comments?post=75925"}],"wp:featuredmedia":[{"embeddable":true,"href":"https:\/\/www.laperlavalles.cat\/es\/wp-json\/wp\/v2\/media\/162429"}],"wp:attachment":[{"href":"https:\/\/www.laperlavalles.cat\/es\/wp-json\/wp\/v2\/media?parent=75925"}],"wp:term":[{"taxonomy":"product_cat","embeddable":true,"href":"https:\/\/www.laperlavalles.cat\/es\/wp-json\/wp\/v2\/product_cat?post=75925"},{"taxonomy":"product_tag","embeddable":true,"href":"https:\/\/www.laperlavalles.cat\/es\/wp-json\/wp\/v2\/product_tag?post=75925"}],"curies":[{"name":"wp","href":"https:\/\/api.w.org\/{rel}","templated":true}]}}