{"id":76445,"date":"2021-07-12T23:49:20","date_gmt":"2021-07-12T21:49:29","guid":{"rendered":"https:\/\/www.laperlavalles2.bcntic.com\/product\/nectar-de-melocoton-mocitos-1l\/"},"modified":"2023-06-23T07:58:04","modified_gmt":"2023-06-23T05:58:04","slug":"nectar-de-melocoton-mocitos-1l","status":"publish","type":"product","link":"https:\/\/www.laperlavalles.cat\/es\/product\/nectar-de-melocoton-mocitos-1l\/","title":{"rendered":"N\u00c9CTAR DE MELOCOT\u00d3N MOCITOS 1L"},"content":{"rendered":"<p>N\u00e9ctar mocitos. N\u00e9ctar de naranja sin az\u00facares a\u00f1adidos.<\/p>\n","protected":false},"excerpt":{"rendered":"<p>N\u00e9ctar mocitos. N\u00e9ctar de naranja sin az\u00facares a\u00f1adidos.<\/p>\n","protected":false},"featured_media":156885,"comment_status":"open","ping_status":"closed","template":"","meta":[],"product_cat":[8385,9205],"product_tag":[],"_links":{"self":[{"href":"https:\/\/www.laperlavalles.cat\/es\/wp-json\/wp\/v2\/product\/76445"}],"collection":[{"href":"https:\/\/www.laperlavalles.cat\/es\/wp-json\/wp\/v2\/product"}],"about":[{"href":"https:\/\/www.laperlavalles.cat\/es\/wp-json\/wp\/v2\/types\/product"}],"replies":[{"embeddable":true,"href":"https:\/\/www.laperlavalles.cat\/es\/wp-json\/wp\/v2\/comments?post=76445"}],"wp:featuredmedia":[{"embeddable":true,"href":"https:\/\/www.laperlavalles.cat\/es\/wp-json\/wp\/v2\/media\/156885"}],"wp:attachment":[{"href":"https:\/\/www.laperlavalles.cat\/es\/wp-json\/wp\/v2\/media?parent=76445"}],"wp:term":[{"taxonomy":"product_cat","embeddable":true,"href":"https:\/\/www.laperlavalles.cat\/es\/wp-json\/wp\/v2\/product_cat?post=76445"},{"taxonomy":"product_tag","embeddable":true,"href":"https:\/\/www.laperlavalles.cat\/es\/wp-json\/wp\/v2\/product_tag?post=76445"}],"curies":[{"name":"wp","href":"https:\/\/api.w.org\/{rel}","templated":true}]}}