{"id":76525,"date":"2021-07-12T23:50:37","date_gmt":"2021-07-12T21:50:46","guid":{"rendered":"https:\/\/www.laperlavalles2.bcntic.com\/product\/nectar-de-multifrutas-mocitos-15l\/"},"modified":"2023-06-23T07:59:25","modified_gmt":"2023-06-23T05:59:25","slug":"nectar-de-multifrutas-mocitos-15l","status":"publish","type":"product","link":"https:\/\/www.laperlavalles.cat\/es\/product\/nectar-de-multifrutas-mocitos-15l\/","title":{"rendered":"N\u00c9CTAR DE MULTIFRUTAS MOCITOS 1,5L"},"content":{"rendered":"<p>N\u00e9ctar mocitos. N\u00e9ctar de multifrutas sin az\u00facares a\u00f1adidos.<\/p>\n","protected":false},"excerpt":{"rendered":"<p>N\u00e9ctar mocitos. N\u00e9ctar de multifrutas sin az\u00facares a\u00f1adidos.<\/p>\n","protected":false},"featured_media":156944,"comment_status":"open","ping_status":"closed","template":"","meta":[],"product_cat":[8385,9205],"product_tag":[],"_links":{"self":[{"href":"https:\/\/www.laperlavalles.cat\/es\/wp-json\/wp\/v2\/product\/76525"}],"collection":[{"href":"https:\/\/www.laperlavalles.cat\/es\/wp-json\/wp\/v2\/product"}],"about":[{"href":"https:\/\/www.laperlavalles.cat\/es\/wp-json\/wp\/v2\/types\/product"}],"replies":[{"embeddable":true,"href":"https:\/\/www.laperlavalles.cat\/es\/wp-json\/wp\/v2\/comments?post=76525"}],"wp:featuredmedia":[{"embeddable":true,"href":"https:\/\/www.laperlavalles.cat\/es\/wp-json\/wp\/v2\/media\/156944"}],"wp:attachment":[{"href":"https:\/\/www.laperlavalles.cat\/es\/wp-json\/wp\/v2\/media?parent=76525"}],"wp:term":[{"taxonomy":"product_cat","embeddable":true,"href":"https:\/\/www.laperlavalles.cat\/es\/wp-json\/wp\/v2\/product_cat?post=76525"},{"taxonomy":"product_tag","embeddable":true,"href":"https:\/\/www.laperlavalles.cat\/es\/wp-json\/wp\/v2\/product_tag?post=76525"}],"curies":[{"name":"wp","href":"https:\/\/api.w.org\/{rel}","templated":true}]}}