{"id":80825,"date":"2021-07-13T01:13:33","date_gmt":"2021-07-12T23:13:43","guid":{"rendered":"https:\/\/www.laperlavalles2.bcntic.com\/product\/harina-de-gambas-secas-pequenas\/"},"modified":"2023-06-26T15:31:39","modified_gmt":"2023-06-26T13:31:39","slug":"harina-de-gambas-secas-pequenas","status":"publish","type":"product","link":"https:\/\/www.laperlavalles.cat\/es\/product\/harina-de-gambas-secas-pequenas\/","title":{"rendered":"HARINA DE GAMBAS SECAS PEQUE\u00d1AS"},"content":{"rendered":"<p>Gambas secas peque\u00f1as molidas. Harina de gambas peque\u00f1as secas.<\/p>\n","protected":false},"excerpt":{"rendered":"<p>Gambas secas peque\u00f1as molidas. Harina de gambas peque\u00f1as secas.<\/p>\n","protected":false},"featured_media":152436,"comment_status":"open","ping_status":"closed","template":"","meta":[],"product_cat":[8401,8496],"product_tag":[],"_links":{"self":[{"href":"https:\/\/www.laperlavalles.cat\/es\/wp-json\/wp\/v2\/product\/80825"}],"collection":[{"href":"https:\/\/www.laperlavalles.cat\/es\/wp-json\/wp\/v2\/product"}],"about":[{"href":"https:\/\/www.laperlavalles.cat\/es\/wp-json\/wp\/v2\/types\/product"}],"replies":[{"embeddable":true,"href":"https:\/\/www.laperlavalles.cat\/es\/wp-json\/wp\/v2\/comments?post=80825"}],"wp:featuredmedia":[{"embeddable":true,"href":"https:\/\/www.laperlavalles.cat\/es\/wp-json\/wp\/v2\/media\/152436"}],"wp:attachment":[{"href":"https:\/\/www.laperlavalles.cat\/es\/wp-json\/wp\/v2\/media?parent=80825"}],"wp:term":[{"taxonomy":"product_cat","embeddable":true,"href":"https:\/\/www.laperlavalles.cat\/es\/wp-json\/wp\/v2\/product_cat?post=80825"},{"taxonomy":"product_tag","embeddable":true,"href":"https:\/\/www.laperlavalles.cat\/es\/wp-json\/wp\/v2\/product_tag?post=80825"}],"curies":[{"name":"wp","href":"https:\/\/api.w.org\/{rel}","templated":true}]}}