{"id":81565,"date":"2021-07-13T01:26:56","date_gmt":"2021-07-12T23:27:05","guid":{"rendered":"https:\/\/www.laperlavalles2.bcntic.com\/product\/nueces-de-cola\/"},"modified":"2023-06-23T09:08:07","modified_gmt":"2023-06-23T07:08:07","slug":"nueces-de-cola","status":"publish","type":"product","link":"https:\/\/www.laperlavalles.cat\/es\/product\/nueces-de-cola\/","title":{"rendered":"NUECES DE COLA"},"content":{"rendered":"<p>Nueces de cola fresca. La Perla es importador de alimentaci\u00f3n y distribuidor de alimentaci\u00f3n global. Tenemos un amplio cat\u00e1logo de fruta y verdura fresca latina y fruta y verdura fresca africana.<\/p>\n","protected":false},"excerpt":{"rendered":"<p>Nueces de cola fresca. La Perla es importador de alimentaci\u00f3n y distribuidor de alimentaci\u00f3n global. Tenemos un amplio cat\u00e1logo de fruta y verdura fresca latina y<span class=\"excerpt-hellip\"> [\u2026]<\/span><\/p>\n","protected":false},"featured_media":160060,"comment_status":"open","ping_status":"closed","template":"","meta":[],"product_cat":[8402,8499],"product_tag":[],"_links":{"self":[{"href":"https:\/\/www.laperlavalles.cat\/es\/wp-json\/wp\/v2\/product\/81565"}],"collection":[{"href":"https:\/\/www.laperlavalles.cat\/es\/wp-json\/wp\/v2\/product"}],"about":[{"href":"https:\/\/www.laperlavalles.cat\/es\/wp-json\/wp\/v2\/types\/product"}],"replies":[{"embeddable":true,"href":"https:\/\/www.laperlavalles.cat\/es\/wp-json\/wp\/v2\/comments?post=81565"}],"wp:featuredmedia":[{"embeddable":true,"href":"https:\/\/www.laperlavalles.cat\/es\/wp-json\/wp\/v2\/media\/160060"}],"wp:attachment":[{"href":"https:\/\/www.laperlavalles.cat\/es\/wp-json\/wp\/v2\/media?parent=81565"}],"wp:term":[{"taxonomy":"product_cat","embeddable":true,"href":"https:\/\/www.laperlavalles.cat\/es\/wp-json\/wp\/v2\/product_cat?post=81565"},{"taxonomy":"product_tag","embeddable":true,"href":"https:\/\/www.laperlavalles.cat\/es\/wp-json\/wp\/v2\/product_tag?post=81565"}],"curies":[{"name":"wp","href":"https:\/\/api.w.org\/{rel}","templated":true}]}}