{"id":81625,"date":"2021-07-13T01:27:54","date_gmt":"2021-07-12T23:28:03","guid":{"rendered":"https:\/\/www.laperlavalles2.bcntic.com\/product\/jengibre-fresco\/"},"modified":"2024-01-02T12:56:24","modified_gmt":"2024-01-02T11:56:24","slug":"jengibre-fresco-2","status":"publish","type":"product","link":"https:\/\/www.laperlavalles.cat\/es\/product\/jengibre-fresco-2\/","title":{"rendered":"JENGIBRE FRESCO"},"content":{"rendered":"<p>Jengibre fresco. La Perla es importador de alimentaci\u00f3n y distribuidor de alimentaci\u00f3n global. Tenemos un amplio cat\u00e1logo de fruta y verdura fresca latina y fruta y verdura fresca africana.<\/p>\n","protected":false},"excerpt":{"rendered":"<p>Jengibre fresco. La Perla es importador de alimentaci\u00f3n y distribuidor de alimentaci\u00f3n global. Tenemos un amplio cat\u00e1logo de fruta y verdura fresca latina y fruta y<span class=\"excerpt-hellip\"> [\u2026]<\/span><\/p>\n","protected":false},"featured_media":160824,"comment_status":"open","ping_status":"closed","template":"","meta":[],"product_cat":[8402,8499],"product_tag":[],"_links":{"self":[{"href":"https:\/\/www.laperlavalles.cat\/es\/wp-json\/wp\/v2\/product\/81625"}],"collection":[{"href":"https:\/\/www.laperlavalles.cat\/es\/wp-json\/wp\/v2\/product"}],"about":[{"href":"https:\/\/www.laperlavalles.cat\/es\/wp-json\/wp\/v2\/types\/product"}],"replies":[{"embeddable":true,"href":"https:\/\/www.laperlavalles.cat\/es\/wp-json\/wp\/v2\/comments?post=81625"}],"wp:featuredmedia":[{"embeddable":true,"href":"https:\/\/www.laperlavalles.cat\/es\/wp-json\/wp\/v2\/media\/160824"}],"wp:attachment":[{"href":"https:\/\/www.laperlavalles.cat\/es\/wp-json\/wp\/v2\/media?parent=81625"}],"wp:term":[{"taxonomy":"product_cat","embeddable":true,"href":"https:\/\/www.laperlavalles.cat\/es\/wp-json\/wp\/v2\/product_cat?post=81625"},{"taxonomy":"product_tag","embeddable":true,"href":"https:\/\/www.laperlavalles.cat\/es\/wp-json\/wp\/v2\/product_tag?post=81625"}],"curies":[{"name":"wp","href":"https:\/\/api.w.org\/{rel}","templated":true}]}}