{"id":82725,"date":"2021-07-13T01:47:59","date_gmt":"2021-07-12T23:48:04","guid":{"rendered":"https:\/\/www.laperlavalles2.bcntic.com\/product\/cocoyam-fufu-flour-golden-tropics-2\/"},"modified":"2022-06-24T13:38:56","modified_gmt":"2022-06-24T11:38:56","slug":"cocoyam-fufu-flour-golden-tropics-2","status":"publish","type":"product","link":"https:\/\/www.laperlavalles.cat\/es\/product\/cocoyam-fufu-flour-golden-tropics-2\/","title":{"rendered":"COCOYAM FUFU FLOUR GOLDEN TROPICS"},"content":{"rendered":"<p>La harina de cocoyam es una harina muy consumida por la comunidad africana. La Perla somos especialistas en la distribuci\u00f3n de alimentaci\u00f3n \u00e9tnica y alimentaci\u00f3n global.<\/p>\n","protected":false},"excerpt":{"rendered":"<p>La harina de cocoyam es una harina muy consumida por la comunidad africana. La Perla somos especialistas en la distribuci\u00f3n de alimentaci\u00f3n \u00e9tnica y alimentaci\u00f3n global.<\/p>\n","protected":false},"featured_media":119529,"comment_status":"open","ping_status":"closed","template":"","meta":[],"product_cat":[10618],"product_tag":[],"_links":{"self":[{"href":"https:\/\/www.laperlavalles.cat\/es\/wp-json\/wp\/v2\/product\/82725"}],"collection":[{"href":"https:\/\/www.laperlavalles.cat\/es\/wp-json\/wp\/v2\/product"}],"about":[{"href":"https:\/\/www.laperlavalles.cat\/es\/wp-json\/wp\/v2\/types\/product"}],"replies":[{"embeddable":true,"href":"https:\/\/www.laperlavalles.cat\/es\/wp-json\/wp\/v2\/comments?post=82725"}],"wp:featuredmedia":[{"embeddable":true,"href":"https:\/\/www.laperlavalles.cat\/es\/wp-json\/wp\/v2\/media\/119529"}],"wp:attachment":[{"href":"https:\/\/www.laperlavalles.cat\/es\/wp-json\/wp\/v2\/media?parent=82725"}],"wp:term":[{"taxonomy":"product_cat","embeddable":true,"href":"https:\/\/www.laperlavalles.cat\/es\/wp-json\/wp\/v2\/product_cat?post=82725"},{"taxonomy":"product_tag","embeddable":true,"href":"https:\/\/www.laperlavalles.cat\/es\/wp-json\/wp\/v2\/product_tag?post=82725"}],"curies":[{"name":"wp","href":"https:\/\/api.w.org\/{rel}","templated":true}]}}