{"id":82788,"date":"2021-08-23T07:37:32","date_gmt":"2021-08-23T05:37:39","guid":{"rendered":"https:\/\/www.laperlavalles2.bcntic.com\/product\/gold-kili-honey-ginger-lemon-drink-10u-2\/"},"modified":"2023-07-03T11:55:04","modified_gmt":"2023-07-03T09:55:04","slug":"gold-kili-honey-ginger-lemon-drink-10u-2","status":"publish","type":"product","link":"https:\/\/www.laperlavalles.cat\/es\/product\/gold-kili-honey-ginger-lemon-drink-10u-2\/","title":{"rendered":"GOLD KILI HONEY, GINGER, LEMON DRINK 10U"},"content":{"rendered":"<p>Bebida instant\u00e1nea de miel, jengibre y lim\u00f3n Gold Kili. La marca Gold Kili es una marca de prestigio de bebidas instant\u00e1neas de Singapur.<\/p>\n","protected":false},"excerpt":{"rendered":"<p>Bebida instant\u00e1nea de miel, jengibre y lim\u00f3n Gold Kili. La marca Gold Kili es una marca de prestigio de bebidas instant\u00e1neas de Singapur.<\/p>\n","protected":false},"featured_media":177304,"comment_status":"open","ping_status":"closed","template":"","meta":[],"product_cat":[8386,8487],"product_tag":[],"_links":{"self":[{"href":"https:\/\/www.laperlavalles.cat\/es\/wp-json\/wp\/v2\/product\/82788"}],"collection":[{"href":"https:\/\/www.laperlavalles.cat\/es\/wp-json\/wp\/v2\/product"}],"about":[{"href":"https:\/\/www.laperlavalles.cat\/es\/wp-json\/wp\/v2\/types\/product"}],"replies":[{"embeddable":true,"href":"https:\/\/www.laperlavalles.cat\/es\/wp-json\/wp\/v2\/comments?post=82788"}],"wp:featuredmedia":[{"embeddable":true,"href":"https:\/\/www.laperlavalles.cat\/es\/wp-json\/wp\/v2\/media\/177304"}],"wp:attachment":[{"href":"https:\/\/www.laperlavalles.cat\/es\/wp-json\/wp\/v2\/media?parent=82788"}],"wp:term":[{"taxonomy":"product_cat","embeddable":true,"href":"https:\/\/www.laperlavalles.cat\/es\/wp-json\/wp\/v2\/product_cat?post=82788"},{"taxonomy":"product_tag","embeddable":true,"href":"https:\/\/www.laperlavalles.cat\/es\/wp-json\/wp\/v2\/product_tag?post=82788"}],"curies":[{"name":"wp","href":"https:\/\/api.w.org\/{rel}","templated":true}]}}