{"id":82848,"date":"2021-08-23T07:38:31","date_gmt":"2021-08-23T05:38:40","guid":{"rendered":"https:\/\/www.laperlavalles2.bcntic.com\/product\/gold-kili-honey-ginger-drink-20u-2\/"},"modified":"2023-07-03T11:56:07","modified_gmt":"2023-07-03T09:56:07","slug":"gold-kili-honey-ginger-drink-20u-2","status":"publish","type":"product","link":"https:\/\/www.laperlavalles.cat\/es\/product\/gold-kili-honey-ginger-drink-20u-2\/","title":{"rendered":"GOLD KILI HONEY, GINGER DRINK 20U"},"content":{"rendered":"<p>Bebida instant\u00e1nea de miel y jengibre Gold Kili.<br \/>\nLa Perla distribuye la marca de bebidas instant\u00e1neas Gold Kili, de Singapur. Consulta nuestro cat\u00e1logo para ver el surtido completo de productos y sabores de bebidas instant\u00e1neas Gold kili.<\/p>\n","protected":false},"excerpt":{"rendered":"<p>Bebida instant\u00e1nea de miel y jengibre Gold Kili. La Perla distribuye la marca de bebidas instant\u00e1neas Gold Kili, de Singapur. Consulta nuestro cat\u00e1logo para ver el<span class=\"excerpt-hellip\"> [\u2026]<\/span><\/p>\n","protected":false},"featured_media":177352,"comment_status":"open","ping_status":"closed","template":"","meta":[],"product_cat":[8386,8487],"product_tag":[],"_links":{"self":[{"href":"https:\/\/www.laperlavalles.cat\/es\/wp-json\/wp\/v2\/product\/82848"}],"collection":[{"href":"https:\/\/www.laperlavalles.cat\/es\/wp-json\/wp\/v2\/product"}],"about":[{"href":"https:\/\/www.laperlavalles.cat\/es\/wp-json\/wp\/v2\/types\/product"}],"replies":[{"embeddable":true,"href":"https:\/\/www.laperlavalles.cat\/es\/wp-json\/wp\/v2\/comments?post=82848"}],"wp:featuredmedia":[{"embeddable":true,"href":"https:\/\/www.laperlavalles.cat\/es\/wp-json\/wp\/v2\/media\/177352"}],"wp:attachment":[{"href":"https:\/\/www.laperlavalles.cat\/es\/wp-json\/wp\/v2\/media?parent=82848"}],"wp:term":[{"taxonomy":"product_cat","embeddable":true,"href":"https:\/\/www.laperlavalles.cat\/es\/wp-json\/wp\/v2\/product_cat?post=82848"},{"taxonomy":"product_tag","embeddable":true,"href":"https:\/\/www.laperlavalles.cat\/es\/wp-json\/wp\/v2\/product_tag?post=82848"}],"curies":[{"name":"wp","href":"https:\/\/api.w.org\/{rel}","templated":true}]}}