{"id":82868,"date":"2021-08-23T07:38:55","date_gmt":"2021-08-23T05:39:04","guid":{"rendered":"https:\/\/www.laperlavalles2.bcntic.com\/product\/gold-kili-brown-sugar-ginger-drink-10u-2\/"},"modified":"2024-06-10T16:41:38","modified_gmt":"2024-06-10T14:41:38","slug":"gold-kili-brown-sugar-ginger-drink-10u-2","status":"publish","type":"product","link":"https:\/\/www.laperlavalles.cat\/es\/product\/gold-kili-brown-sugar-ginger-drink-10u-2\/","title":{"rendered":"GOLD KILI BROWN SUGAR GINGER DRINK 10U"},"content":{"rendered":"<p>Bebida instant\u00e1nea de jengibre con az\u00facar moreno Gold Kili.<br \/>\nLa Perla es proveedor la marca Gold Kili de Singapur. Consulta nuestro cat\u00e1logo para ver el surtido completo de productos y sabores de bebidas instant\u00e1neas Gold kili.<\/p>\n","protected":false},"excerpt":{"rendered":"<p>Bebida instant\u00e1nea de jengibre con az\u00facar moreno Gold Kili. La Perla es proveedor la marca Gold Kili de Singapur. Consulta nuestro cat\u00e1logo para ver el surtido<span class=\"excerpt-hellip\"> [\u2026]<\/span><\/p>\n","protected":false},"featured_media":172376,"comment_status":"open","ping_status":"closed","template":"","meta":[],"product_cat":[10618],"product_tag":[],"_links":{"self":[{"href":"https:\/\/www.laperlavalles.cat\/es\/wp-json\/wp\/v2\/product\/82868"}],"collection":[{"href":"https:\/\/www.laperlavalles.cat\/es\/wp-json\/wp\/v2\/product"}],"about":[{"href":"https:\/\/www.laperlavalles.cat\/es\/wp-json\/wp\/v2\/types\/product"}],"replies":[{"embeddable":true,"href":"https:\/\/www.laperlavalles.cat\/es\/wp-json\/wp\/v2\/comments?post=82868"}],"wp:featuredmedia":[{"embeddable":true,"href":"https:\/\/www.laperlavalles.cat\/es\/wp-json\/wp\/v2\/media\/172376"}],"wp:attachment":[{"href":"https:\/\/www.laperlavalles.cat\/es\/wp-json\/wp\/v2\/media?parent=82868"}],"wp:term":[{"taxonomy":"product_cat","embeddable":true,"href":"https:\/\/www.laperlavalles.cat\/es\/wp-json\/wp\/v2\/product_cat?post=82868"},{"taxonomy":"product_tag","embeddable":true,"href":"https:\/\/www.laperlavalles.cat\/es\/wp-json\/wp\/v2\/product_tag?post=82868"}],"curies":[{"name":"wp","href":"https:\/\/api.w.org\/{rel}","templated":true}]}}