{"id":82928,"date":"2021-08-23T07:39:59","date_gmt":"2021-08-23T05:40:08","guid":{"rendered":"https:\/\/www.laperlavalles2.bcntic.com\/product\/gold-kili-ginger-drink-no-added-cane-sugar-10u-2\/"},"modified":"2023-06-23T13:42:36","modified_gmt":"2023-06-23T11:42:36","slug":"gold-kili-ginger-drink-no-added-cane-sugar-10u-2","status":"publish","type":"product","link":"https:\/\/www.laperlavalles.cat\/es\/product\/gold-kili-ginger-drink-no-added-cane-sugar-10u-2\/","title":{"rendered":"GOLD KILI GINGER DRINK NO ADDED CANE SUGAR 10U"},"content":{"rendered":"<p>Bebida instant\u00e1nea de jengibre sin az\u00facares a\u00f1adidos Gold Kili. Las bebidas Gold Kili son unas bebidas solubles instant\u00e1neas de alta calidad de origen de Singapur.<\/p>\n","protected":false},"excerpt":{"rendered":"<p>Bebida instant\u00e1nea de jengibre sin az\u00facares a\u00f1adidos Gold Kili. Las bebidas Gold Kili son unas bebidas solubles instant\u00e1neas de alta calidad de origen de Singapur.<\/p>\n","protected":false},"featured_media":172424,"comment_status":"open","ping_status":"closed","template":"","meta":[],"product_cat":[8386,8487],"product_tag":[],"_links":{"self":[{"href":"https:\/\/www.laperlavalles.cat\/es\/wp-json\/wp\/v2\/product\/82928"}],"collection":[{"href":"https:\/\/www.laperlavalles.cat\/es\/wp-json\/wp\/v2\/product"}],"about":[{"href":"https:\/\/www.laperlavalles.cat\/es\/wp-json\/wp\/v2\/types\/product"}],"replies":[{"embeddable":true,"href":"https:\/\/www.laperlavalles.cat\/es\/wp-json\/wp\/v2\/comments?post=82928"}],"wp:featuredmedia":[{"embeddable":true,"href":"https:\/\/www.laperlavalles.cat\/es\/wp-json\/wp\/v2\/media\/172424"}],"wp:attachment":[{"href":"https:\/\/www.laperlavalles.cat\/es\/wp-json\/wp\/v2\/media?parent=82928"}],"wp:term":[{"taxonomy":"product_cat","embeddable":true,"href":"https:\/\/www.laperlavalles.cat\/es\/wp-json\/wp\/v2\/product_cat?post=82928"},{"taxonomy":"product_tag","embeddable":true,"href":"https:\/\/www.laperlavalles.cat\/es\/wp-json\/wp\/v2\/product_tag?post=82928"}],"curies":[{"name":"wp","href":"https:\/\/api.w.org\/{rel}","templated":true}]}}