{"id":19667,"date":"2016-10-12T11:23:19","date_gmt":"2016-10-12T09:23:19","guid":{"rendered":"http:\/\/lalaperlavnau.bcntic.com\/contacto\/"},"modified":"2024-07-30T11:27:08","modified_gmt":"2024-07-30T09:27:08","slug":"contact","status":"publish","type":"page","link":"https:\/\/www.laperlavalles.cat\/fr\/contact\/","title":{"rendered":"Contact"},"content":{"rendered":"<p>[vc_row css=\u00a0\u00bb.vc_custom_1721227231513{padding-top: 60px !important;padding-bottom: 60px !important;}\u00a0\u00bb][vc_column][vc_custom_heading text=\u00a0\u00bbCONTACT\u00a0\u00bb font_container=\u00a0\u00bbtag:h1|font_size:65|text_align:center|color:%23a4343a|line_height:1.4em\u00a0\u00bb google_fonts=\u00a0\u00bbfont_family:Roboto%20Slab%3A100%2C300%2Cregular%2C700|font_style:400%20regular%3A400%3Anormal\u00a0\u00bb][\/vc_column][\/vc_row][vc_row css=\u00a0\u00bb.vc_custom_1621899014999{padding-top: 60px !important;}\u00a0\u00bb][vc_column][vc_gmaps link=\u00a0\u00bb#E-8_JTNDaWZyYW1lJTIwc3JjJTNEJTIyaHR0cHMlM0ElMkYlMkZ3d3cuZ29vZ2xlLmNvbSUyRm1hcHMlMkZlbWJlZCUzRnBiJTNEJTIxMW0xOCUyMTFtMTIlMjExbTMlMjExZDEwMDMxLjQxNTI0MDU2OTI2NCUyMTJkMi4zMjE4OTMwNTMyMTk1Mzc0JTIxM2Q0MS42MjY0MDEzODU0NzYwNSUyMTJtMyUyMTFmMCUyMTJmMCUyMTNmMCUyMTNtMiUyMTFpMTAyNCUyMTJpNzY4JTIxNGYxMy4xJTIxM20zJTIxMW0yJTIxMXMweDEyYTRjODBjNTE1YTA0MDUlMjUzQTB4ZjcxYjI4ZTA3YTVkMmQ1MiUyMTJzUHJvZHVjdGVzJTI1MjBBbGltZW50YXJpcyUyNTIwTGElMjUyMFBlcmxhJTI1MjBTLkwuJTIxNWUwJTIxM20yJTIxMXNlcyUyMTJzZXMlMjE0djE1NzEzNzMxNTY4ODIlMjE1bTIlMjExc2VzJTIxMnNlcyUyMiUyMHdpZHRoJTNEJTIyMTAwJTI1JTIyJTIwaGVpZ2h0JTNEJTIyNDUwJTIyJTIwZnJhbWVib3JkZXIlM0QlMjIwJTIyJTIwc3R5bGUlM0QlMjJib3JkZXIlM0EwJTNCJTIyJTIwYWxsb3dmdWxsc2NyZWVuJTNEJTIyJTIyJTNFJTNDJTJGaWZyYW1lJTNF\u00a0\u00bb][\/vc_column][\/vc_row][vc_row][vc_column][vc_row_inner][vc_column_inner][vc_custom_heading text=\u00a0\u00bbFormulaire de contact\u00a0\u00bb google_fonts=\u00a0\u00bbfont_family:PT%20Sans%3Aregular%2Citalic%2C700%2C700italic|font_style:400%20regular%3A400%3Anormal\u00a0\u00bb][\/vc_column_inner][\/vc_row_inner][vc_row_inner][vc_column_inner width=\u00a0\u00bb2\/3&Prime;]<div role=\"form\" class=\"wpcf7\" id=\"wpcf7-f33812-o1\" lang=\"fr-FR\" dir=\"ltr\">\n<div class=\"screen-reader-response\"><p role=\"status\" aria-live=\"polite\" aria-atomic=\"true\"><\/p> <ul><\/ul><\/div>\n<form action=\"\/fr\/wp-json\/wp\/v2\/pages\/19667#wpcf7-f33812-o1\" method=\"post\" class=\"wpcf7-form init\" novalidate=\"novalidate\" data-status=\"init\">\n<div style=\"display: none;\">\n<input type=\"hidden\" name=\"_wpcf7\" value=\"33812\" \/>\n<input type=\"hidden\" name=\"_wpcf7_version\" value=\"5.6.4\" \/>\n<input type=\"hidden\" name=\"_wpcf7_locale\" value=\"fr_FR\" \/>\n<input type=\"hidden\" name=\"_wpcf7_unit_tag\" value=\"wpcf7-f33812-o1\" \/>\n<input type=\"hidden\" name=\"_wpcf7_container_post\" value=\"0\" \/>\n<input type=\"hidden\" name=\"_wpcf7_posted_data_hash\" value=\"\" \/>\n<input type=\"hidden\" name=\"_wpcf7_recaptcha_response\" value=\"\" \/>\n<\/div>\n<p>Personne de contact (obligatoire)<br \/>\n    <span class=\"wpcf7-form-control-wrap\" data-name=\"tu-nombre\"><input type=\"text\" name=\"tu-nombre\" value=\"\" size=\"40\" class=\"wpcf7-form-control wpcf7-text wpcf7-validates-as-required\" aria-required=\"true\" aria-invalid=\"false\" \/><\/span> <\/p>\n<p>Enterprise<br \/>\n    <span class=\"wpcf7-form-control-wrap\" data-name=\"tu-empresa\"><input type=\"text\" name=\"tu-empresa\" value=\"\" size=\"40\" class=\"wpcf7-form-control wpcf7-text\" aria-invalid=\"false\" \/><\/span> <\/p>\n<p>Adresse<br\/><br \/>\n<span class=\"wpcf7-form-control-wrap\" data-name=\"tu-direccion\"><input type=\"text\" name=\"tu-direccion\" value=\"\" size=\"40\" class=\"wpcf7-form-control wpcf7-text\" aria-invalid=\"false\" \/><\/span><\/p>\n<p>Ville (obligatoire)<br\/><br \/>\n<span class=\"wpcf7-form-control-wrap\" data-name=\"tu-poblacion\"><input type=\"text\" name=\"tu-poblacion\" value=\"\" size=\"40\" class=\"wpcf7-form-control wpcf7-text wpcf7-validates-as-required\" aria-required=\"true\" aria-invalid=\"false\" \/><\/span><\/p>\n<p>Pays (obligatoire)<br><br \/>\n<span class=\"wpcf7-form-control-wrap\" data-name=\"tu-pais\"><input type=\"text\" name=\"tu-pais\" value=\"\" size=\"40\" class=\"wpcf7-form-control wpcf7-text wpcf7-validates-as-required\" aria-required=\"true\" aria-invalid=\"false\" \/><\/span><\/p>\n<p>T\u00e9l\u00e9phone (obligatoire)<\/br><br \/>\n<span class=\"wpcf7-form-control-wrap\" data-name=\"telefono\"><input type=\"tel\" name=\"telefono\" value=\"\" size=\"40\" class=\"wpcf7-form-control wpcf7-text wpcf7-tel wpcf7-validates-as-required wpcf7-validates-as-tel\" aria-required=\"true\" aria-invalid=\"false\" \/><\/span><\/p>\n<p>E-mail (obligatorire)<br \/>\n    <span class=\"wpcf7-form-control-wrap\" data-name=\"your-email\"><input type=\"email\" name=\"your-email\" value=\"\" size=\"40\" class=\"wpcf7-form-control wpcf7-text wpcf7-email wpcf7-validates-as-required wpcf7-validates-as-email\" aria-required=\"true\" aria-invalid=\"false\" \/><\/span> <\/p>\n<p>Message (obligatorire)<br \/>\n    <span class=\"wpcf7-form-control-wrap\" data-name=\"your-message\"><textarea name=\"your-message\" cols=\"40\" rows=\"10\" class=\"wpcf7-form-control wpcf7-textarea wpcf7-validates-as-required\" aria-required=\"true\" aria-invalid=\"false\"><\/textarea><\/span> <\/p>\n<p><span class=\"wpcf7-form-control-wrap\" data-name=\"checkbox-420\"><span class=\"wpcf7-form-control wpcf7-checkbox\"><span class=\"wpcf7-list-item first last\"><input type=\"checkbox\" name=\"checkbox-420[]\" value=\"J&#039;accepte de recevoir des informations commerciales, y compris par e-mail.\" \/><span class=\"wpcf7-list-item-label\">J&#039;accepte de recevoir des informations commerciales, y compris par e-mail.<\/span><\/span><\/span><\/span><br \/>\n<span class=\"wpcf7-form-control-wrap\" data-name=\"accept-681\"><span class=\"wpcf7-form-control wpcf7-acceptance\"><span class=\"wpcf7-list-item\"><label><input type=\"checkbox\" name=\"accept-681\" value=\"1\" aria-invalid=\"false\" \/><span class=\"wpcf7-list-item-label\">J'ai lu et j'accepte la <a href=\"\/fr\/politique-de-confidentialite\" target=\"_blank\"> Politique de confidentialit\u00e9 <\/a> (*)<\/span><\/label><\/span><\/span><\/span><\/p>\n<p> <strong> * Tous les champs avec * <u> ast\u00e9risques <\/u> sont obligatoires. <\/strong> <\/p>\n<p><input type=\"submit\" value=\"Envoyer\" class=\"wpcf7-form-control has-spinner wpcf7-submit\" \/><\/p>\n<p style=\"display: none !important;\"><label>&#916;<textarea name=\"_wpcf7_ak_hp_textarea\" cols=\"45\" rows=\"8\" maxlength=\"100\"><\/textarea><\/label><input type=\"hidden\" id=\"ak_js_1\" name=\"_wpcf7_ak_js\" value=\"121\"\/><script>document.getElementById( \"ak_js_1\" ).setAttribute( \"value\", ( new Date() ).getTime() );<\/script><\/p><input type='hidden' class='wpcf7-pum' value='{\"closepopup\":false,\"closedelay\":0,\"openpopup\":false,\"openpopup_id\":0}' \/><div class=\"wpcf7-response-output\" aria-hidden=\"true\"><\/div><\/form><\/div>[vc_toggle title=\u00a0\u00bbAvis juridique\u00a0\u00bb style=\u00a0\u00bbsimple\u00a0\u00bb]<\/p>\n<h4>INFORMATIONS SUR LA PROTECTION DES DONN\u00c9ES ACHETER LA PERLA<\/h4>\n<p><strong> Finalit\u00e9s <\/strong>: nous r\u00e9pondons \u00e0 vos demandes et vous envoyons des informations commerciales sur nos produits et services, y compris par e-mail. <strong> L\u00e9gitimation <\/strong>: consentement de la partie int\u00e9ress\u00e9e. <strong> Destinataires <\/strong>: aucun transfert de donn\u00e9es n&rsquo;est pr\u00e9vu. <strong> Droits <\/strong>: vous pouvez retirer votre consentement \u00e0 tout moment, ainsi qu&rsquo;acc\u00e9der, rectifier, supprimer vos donn\u00e9es et autres droits dans <a href=\"mailto:form@laperlavalles.cat\"> formulaire@laperlavalles.cat <\/a>. <strong> Informations compl\u00e9mentaires <\/strong>: vous pouvez d\u00e9velopper les informations dans le lien <a href=\"\/fr\/avis-juridique\/\" target=\"_blank\" rel=\"noopener\"> Mentions l\u00e9gales <\/a>.<\/p>\n<div class=\"et_pb_module et_pb_text et_pb_text_1 et_pb_bg_layout_light et_pb_text_align_left\">\n<div class=\"et_pb_text_inner\">\n<p>La communication envoy\u00e9e sera incorpor\u00e9e aux syst\u00e8mes d\u2019information de Productes Alimentaris La Perla, S.L. Cette communication sera utilis\u00e9e exclusivement pour r\u00e9pondre \u00e0 votre demande. En indiquant vos donn\u00e9es, et conform\u00e9ment \u00e0 ce qui est \u00e9tabli dans l\u2019article 6 de la L.O.P.D. vous pr\u00eatez votre consentement expr\u00e8s \u00e0 Productes Alimentaris La Perla, S.L. afin qu\u2019elle traite les donn\u00e9es personnelles fournies, en application des fins mentionn\u00e9es dans le paragraphe pr\u00e9c\u00e9dent. De m\u00eame, ce consentement s\u2019\u00e9tend \u00e0 la cession des donn\u00e9es, en accord avec la loi applicable.<\/p>\n<p>Vous pouvez \u00e0 tout moment exercer vos droits d\u2019acc\u00e8s, de correction, et d\u2019opposition et s\u2019il y a lieu d\u2019annulation, en \u00e9crivant et indiquant vos donn\u00e9es personnelles \u00e0 Productes Alimentaris La Perla, S.L., \u00e0 l\u2019adresse : Francisco de Goya 6, 08401 Granollers, (Barcelone) ou en envoyant un courriel \u00e0 : Info@laperlavalles.cat.<\/p>\n<\/div>\n<\/div>\n<p>[\/vc_toggle][\/vc_column_inner][vc_column_inner width=\u00a0\u00bb1\/3&Prime;][vc_column_text]<a href=\"http:\/\/www.facebook.com\/laperlaethnicfoods\"><img class=\"alignnone size-full wp-image-256\" src=\"https:\/\/www.laperlavalles.cat\/wp-content\/uploads\/2019\/10\/facebook-logo.png\" alt=\"\" width=\"32\" height=\"32\" \/><\/a> \u00a0 <a href=\"http:\/\/www.linkedin.com\/company\/productes-alimentaris-la-perla-s-l-\"><img class=\"alignnone size-medium wp-image-257\" src=\"https:\/\/www.laperlavalles.cat\/wp-content\/uploads\/2019\/10\/linkedin.png\" alt=\"\" width=\"32\" height=\"32\" \/><\/a>[\/vc_column_text][vc_column_text]<\/p>\n<div class=\"et_pb_module et_pb_text et_pb_text_0 et_pb_bg_layout_light et_pb_text_align_left\">\n<div class=\"et_pb_text_inner\">\n<h3>Pour plus d\u2019information<\/h3>\n<p><strong>Productes Alimentaris la Perla S.L.<\/strong> <strong>Adresse:<br \/>\n<\/strong> C\/ Marie Curie s\/n \u00a0(Pol. Ind. Can Jorn) 08430 La Roca del Vall\u00e8s (province de Barcelone)<br \/>\n<strong>T\u00e9l:<\/strong> 93.840.2004 \/ <strong>F<\/strong>: 93.846.33.46<br \/>\n<strong>Horaires du lundi au jeudi<\/strong><br \/>\nEntrep\u00f4t : 8h00 &#8211; 15h00<br \/>\nBureau : 8h00 &#8211; 18h00<br \/>\n<strong>Vendredi<\/strong><br \/>\nEntrep\u00f4t : 8h00 &#8211; 15h00<br \/>\nBureau : 8h00 &#8211; 16h00<br \/>\n<a href=\"mailto:info@laperlavalles.cat\"><strong>Email<\/strong><\/a><\/p>\n<\/div>\n<\/div>\n<p>[\/vc_column_text][\/vc_column_inner][\/vc_row_inner][\/vc_column][\/vc_row][vc_row][vc_column][vc_row_inner][vc_column_inner][vc_custom_heading text=\u00a0\u00bbNos d\u00e9l\u00e9gations\u00a0\u00bb google_fonts=\u00a0\u00bbfont_family:PT%20Sans%3Aregular%2Citalic%2C700%2C700italic|font_style:400%20regular%3A400%3Anormal\u00a0\u00bb][\/vc_column_inner][\/vc_row_inner][vc_row_inner][vc_column_inner width=\u00a0\u00bb1\/2&Prime;][vc_custom_heading text=\u00a0\u00bbPA\u00cdS VASCO, NAVARRA Y ASTURIAS\u00a0\u00bb font_container=\u00a0\u00bbtag:h5|text_align:center\u00a0\u00bb google_fonts=\u00a0\u00bbfont_family:PT%20Sans%3Aregular%2Citalic%2C700%2C700italic|font_style:400%20regular%3A400%3Anormal\u00a0\u00bb][vc_gmaps link=\u00a0\u00bb#E-8_JTNDaWZyYW1lJTIwc3JjJTNEJTIyaHR0cHMlM0ElMkYlMkZ3d3cuZ29vZ2xlLmNvbSUyRm1hcHMlMkZlbWJlZCUzRnBiJTNEJTIxMW0xOCUyMTFtMTIlMjExbTMlMjExZDI5MDcuMjU4NTQ0MjQ5MTUzNiUyMTJkLTIuODkzNjU5Nzg0MDk2OTQ0JTIxM2Q0My4yMjUwMzg2NzkxMzg0NjQlMjEybTMlMjExZjAlMjEyZjAlMjEzZjAlMjEzbTIlMjExaTEwMjQlMjEyaTc2OCUyMTRmMTMuMSUyMTNtMyUyMTFtMiUyMTFzMHhkNGU0ZTg1ZjM2OTkxYjElMjUzQTB4MTVmZWI2YTM3MjFiZDRhNyUyMTJzTGElMjUyME1vcmVuYSUyNTIwUHJvZHVjdG9zJTI1MjBkZSUyNTIwYWxpbWVudGFjaSUyNUMzJTI1QjNuJTI1MjBTLkwuJTIxNWUwJTIxM20yJTIxMXNlcyUyMTJzZXMlMjE0djE1NzIyODAxODA5NzclMjE1bTIlMjExc2VzJTIxMnNlcyUyMiUyMHdpZHRoJTNEJTIyNjAwJTIyJTIwaGVpZ2h0JTNEJTIyNDUwJTIyJTIwZnJhbWVib3JkZXIlM0QlMjIwJTIyJTIwc3R5bGUlM0QlMjJib3JkZXIlM0EwJTNCJTIyJTIwYWxsb3dmdWxsc2NyZWVuJTNEJTIyJTIyJTNFJTNDJTJGaWZyYW1lJTNF\u00a0\u00bb][vc_column_text]<\/p>\n<div class=\"field field-name-field-text-body field-type-text-long field-label-hidden\">\n<div class=\"field-items\">\n<div class=\"field-item even\" style=\"text-align: center;\"><strong>La Morena Productos de Alimentaci\u00f3n S.L.<\/strong><\/div>\n<div class=\"field-item even\" style=\"text-align: center;\">Pol. Ind. Arteagoiti &#8211; 7 48970 Basauri (Vizcaya) Espa\u00f1a<\/div>\n<div class=\"field-item even\" style=\"text-align: center;\">Tel. 94.401.00.11 \/ Fax 94.401.00.12<\/div>\n<div class=\"field-item even\" style=\"text-align: center;\"><a href=\"mailto:arno@alimentsnaturals.com\">palamorena@palamorena.com<\/a><\/div>\n<\/div>\n<\/div>\n<p>[\/vc_column_text][\/vc_column_inner][vc_column_inner width=\u00a0\u00bb1\/2&Prime;][vc_custom_heading text=\u00a0\u00bbALMERIA\u00a0\u00bb font_container=\u00a0\u00bbtag:h5|text_align:center\u00a0\u00bb google_fonts=\u00a0\u00bbfont_family:PT%20Sans%3Aregular%2Citalic%2C700%2C700italic|font_style:400%20regular%3A400%3Anormal\u00a0\u00bb][vc_gmaps link=\u00a0\u00bb#E-8_JTNDaWZyYW1lJTIwc3JjJTNEJTIyaHR0cHMlM0ElMkYlMkZ3d3cuZ29vZ2xlLmNvbSUyRm1hcHMlMkZlbWJlZCUzRnBiJTNEJTIxMW0xOCUyMTFtMTIlMjExbTMlMjExZDMxOTYuMzgzMDU2NDcwMDk5MyUyMTJkLTIuNjIzNjkwMTg0MjUwNDA1JTIxM2QzNi43NjEzNzcwNzk5NTY1MiUyMTJtMyUyMTFmMCUyMTJmMCUyMTNmMCUyMTNtMiUyMTFpMTAyNCUyMTJpNzY4JTIxNGYxMy4xJTIxM20zJTIxMW0yJTIxMXMweGQ3MDZmZmNmZmI5YjI3MyUyNTNBMHhkN2UwNTBjMDU4MzRhMjRkJTIxMnNDYW1pbm8lMjUyMERlcCUyNUMzJTI1QjNzaXRvcyUyNTJDJTI1MjAzMyUyNTJDJTI1MjAwNDc0MCUyNTIwUm9xdWV0YXMlMjUyMGRlJTI1MjBNYXIlMjUyQyUyNTIwQWxtZXIlMjVDMyUyNUFEYSUyMTVlMCUyMTNtMiUyMTFzZXMlMjEyc2VzJTIxNHYxNTcyMjgwNjg5Mzg1JTIxNW0yJTIxMXNlcyUyMTJzZXMlMjIlMjB3aWR0aCUzRCUyMjYwMCUyMiUyMGhlaWdodCUzRCUyMjQ1MCUyMiUyMGZyYW1lYm9yZGVyJTNEJTIyMCUyMiUyMHN0eWxlJTNEJTIyYm9yZGVyJTNBMCUzQiUyMiUyMGFsbG93ZnVsbHNjcmVlbiUzRCUyMiUyMiUzRSUzQyUyRmlmcmFtZSUzRQ==\u00a0\u00bb][vc_column_text]<\/p>\n<div class=\"field field-name-field-text-body field-type-text-long field-label-hidden\">\n<div class=\"field-items\">\n<div class=\"field-item even\" style=\"text-align: center;\"><strong>Jose L\u00f3pez Fern\u00e1ndez<\/strong><\/div>\n<div class=\"field-item even\" style=\"text-align: center;\">Camino de los Depositos n\u00ba 33 04740 Roquetas de Mar-Almeria Espa\u00f1a<\/div>\n<div class=\"field-item even\" style=\"text-align: center;\">T.629054701 F.95.031.99.96<\/div>\n<div class=\"field-item even\" style=\"text-align: center;\"><a href=\"mailto:roylu49@msn.com\">roylu49@msn.com<\/a><\/div>\n<\/div>\n<\/div>\n<p>[\/vc_column_text][\/vc_column_inner][\/vc_row_inner][vc_row_inner][vc_column_inner width=\u00a0\u00bb1\/2&Prime;][vc_custom_heading text=\u00a0\u00bbMURCIA, CASTILLA LA MANCHA Y ALICANTE\u00a0\u00bb font_container=\u00a0\u00bbtag:h5|text_align:center\u00a0\u00bb google_fonts=\u00a0\u00bbfont_family:PT%20Sans%3Aregular%2Citalic%2C700%2C700italic|font_style:400%20regular%3A400%3Anormal\u00a0\u00bb][vc_gmaps link=\u00a0\u00bb#E-8_JTNDaWZyYW1lJTIwc3JjJTNEJTIyaHR0cHMlM0ElMkYlMkZ3d3cuZ29vZ2xlLmNvbSUyRm1hcHMlMkZlbWJlZCUzRnBiJTNEJTIxMW0xOCUyMTFtMTIlMjExbTMlMjExZDMxNTIuNDIxMTA3MTQzMjQ3JTIxMmQtMS4wMTU2NTY1ODQyMjcwNTg4JTIxM2QzNy44MDM2MDQyNzk3NTQyNiUyMTJtMyUyMTFmMCUyMTJmMCUyMTNmMCUyMTNtMiUyMTFpMTAyNCUyMTJpNzY4JTIxNGYxMy4xJTIxM20zJTIxMW0yJTIxMXMweGQ2MzZlMjljZTdkYzNkNSUyNTNBMHgzNmE0MTFlNTQ4OGQ5YzI2JTIxMnNEaXN0cmlvY2VhbiUyNTIwUyUyNTIwTCUyMTVlMCUyMTNtMiUyMTFzZXMlMjEyc2VzJTIxNHYxNTcyMjgwMzkxMTgxJTIxNW0yJTIxMXNlcyUyMTJzZXMlMjIlMjB3aWR0aCUzRCUyMjYwMCUyMiUyMGhlaWdodCUzRCUyMjQ1MCUyMiUyMGZyYW1lYm9yZGVyJTNEJTIyMCUyMiUyMHN0eWxlJTNEJTIyYm9yZGVyJTNBMCUzQiUyMiUyMGFsbG93ZnVsbHNjcmVlbiUzRCUyMiUyMiUzRSUzQyUyRmlmcmFtZSUzRQ==\u00a0\u00bb][vc_column_text]<\/p>\n<div class=\"field field-name-field-text-body field-type-text-long field-label-hidden\">\n<div class=\"field-items\">\n<div class=\"field-item even\" style=\"text-align: center;\"><strong>DISTRIOCEAN S.L.U.<\/strong><\/div>\n<div class=\"field-item even\" style=\"text-align: center;\">Calle Mensajeros de la Paz &#8211; 21 Pol. Ind. Rold\u00e1n 30709 Rold\u00e1n (Murcia) Espa\u00f1a<\/div>\n<div class=\"field-item even\" style=\"text-align: center;\">Tel. 96.858.97.28<\/div>\n<div class=\"field-item even\" style=\"text-align: center;\"><a href=\"mailto:distrioceanadm@gmail.com\">distrioceanadm@gmail.com<\/a><\/div>\n<\/div>\n<\/div>\n<p>[\/vc_column_text][\/vc_column_inner][vc_column_inner width=\u00a0\u00bb1\/2&Prime;][vc_custom_heading text=\u00a0\u00bbVALENCIA\u00a0\u00bb font_container=\u00a0\u00bbtag:h5|text_align:center\u00a0\u00bb google_fonts=\u00a0\u00bbfont_family:PT%20Sans%3Aregular%2Citalic%2C700%2C700italic|font_style:400%20regular%3A400%3Anormal\u00a0\u00bb][vc_gmaps link=\u00a0\u00bb#E-8_JTNDaWZyYW1lJTIwc3JjJTNEJTIyaHR0cHMlM0ElMkYlMkZ3d3cuZ29vZ2xlLmNvbSUyRm1hcHMlMkZlbWJlZCUzRnBiJTNEJTIxMW0xOCUyMTFtMTIlMjExbTMlMjExZDMwODEuNDMyMDIxNzg3Nzg1JTIxMmQtMC40OTMxNzc0ODQzMzk2MzkxJTIxM2QzOS40MzY5NjYzNzk0OTExNCUyMTJtMyUyMTFmMCUyMTJmMCUyMTNmMCUyMTNtMiUyMTFpMTAyNCUyMTJpNzY4JTIxNGYxMy4xJTIxM20zJTIxMW0yJTIxMXMweGQ2MDUxMDZlZjkzNTNkZCUyNTNBMHhmMmNiOGU1MzllZjNlZjE1JTIxMnNDYWxsZSUyNTIwZWwlMjUyMFBlcmVsbCUyNUMzJTI1QjMlMjUyQyUyNTIwODYlMjUyQyUyNTIwNDY5MDAlMjUyMFRvcnJlbnQlMjUyQyUyNTIwVmFsZW5jaWElMjE1ZTAlMjEzbTIlMjExc2NhJTIxMnNlcyUyMTR2MTU5MTAyMDA0MTQ0MyUyMTVtMiUyMTFzY2ElMjEyc2VzJTIyJTIwd2lkdGglM0QlMjI2MDAlMjIlMjBoZWlnaHQlM0QlMjI0NTAlMjIlMjBmcmFtZWJvcmRlciUzRCUyMjAlMjIlMjBzdHlsZSUzRCUyMmJvcmRlciUzQTAlM0IlMjIlMjBhbGxvd2Z1bGxzY3JlZW4lM0QlMjIlMjIlMjBhcmlhLWhpZGRlbiUzRCUyMmZhbHNlJTIyJTIwdGFiaW5kZXglM0QlMjIwJTIyJTNFJTNDJTJGaWZyYW1lJTNF\u00a0\u00bb][vc_column_text]<\/p>\n<div class=\"field field-name-field-text-body field-type-text-long field-label-hidden\">\n<div class=\"field-items\">\n<div class=\"field-item even\" style=\"text-align: center;\"><strong>LEGUMBRES ANDREU<\/strong><\/div>\n<div class=\"field-item even\" style=\"text-align: center;\">Calle El Perell\u00f3 86, Pol. Ind. Mas del Jutge 46900 Torrent (Valencia) Espa\u00f1a<\/div>\n<div class=\"field-item even\" style=\"text-align: center;\">Tel. 722.444.928<\/div>\n<div class=\"field-item even\" style=\"text-align: center;\"><a href=\"mailto:comercial@legumbresandreu.es\">comercial@legumbresandreu.es<\/a><\/div>\n<\/div>\n<\/div>\n<p>[\/vc_column_text][\/vc_column_inner][\/vc_row_inner][\/vc_column][\/vc_row]<\/p>\n","protected":false},"excerpt":{"rendered":"<p>[vc_row css=\u00a0\u00bb.vc_custom_1721227231513{padding-top: 60px !important;padding-bottom: 60px !important;}\u00a0\u00bb][vc_column][vc_custom_heading text=\u00a0\u00bbCONTACT\u00a0\u00bb font_container=\u00a0\u00bbtag:h1|font_size:65|text_align:center|color:%23a4343a|line_height:1.4em\u00a0\u00bb google_fonts=\u00a0\u00bbfont_family:Roboto%20Slab%3A100%2C300%2Cregular%2C700|font_style:400%20regular%3A400%3Anormal\u00a0\u00bb][\/vc_column][\/vc_row][vc_row css=\u00a0\u00bb.vc_custom_1621899014999{padding-top: 60px !important;}\u00a0\u00bb][vc_column][vc_gmaps link=\u00a0\u00bb#E-8_JTNDaWZyYW1lJTIwc3JjJTNEJTIyaHR0cHMlM0ElMkYlMkZ3d3cuZ29vZ2xlLmNvbSUyRm1hcHMlMkZlbWJlZCUzRnBiJTNEJTIxMW0xOCUyMTFtMTIlMjExbTMlMjExZDEwMDMxLjQxNTI0MDU2OTI2NCUyMTJkMi4zMjE4OTMwNTMyMTk1Mzc0JTIxM2Q0MS42MjY0MDEzODU0NzYwNSUyMTJtMyUyMTFmMCUyMTJmMCUyMTNmMCUyMTNtMiUyMTFpMTAyNCUyMTJpNzY4JTIxNGYxMy4xJTIxM20zJTIxMW0yJTIxMXMweDEyYTRjODBjNTE1YTA0MDUlMjUzQTB4ZjcxYjI4ZTA3YTVkMmQ1MiUyMTJzUHJvZHVjdGVzJTI1MjBBbGltZW50YXJpcyUyNTIwTGElMjUyMFBlcmxhJTI1MjBTLkwuJTIxNWUwJTIxM20yJTIxMXNlcyUyMTJzZXMlMjE0djE1NzEzNzMxNTY4ODIlMjE1bTIlMjExc2VzJTIxMnNlcyUyMiUyMHdpZHRoJTNEJTIyMTAwJTI1JTIyJTIwaGVpZ2h0JTNEJTIyNDUwJTIyJTIwZnJhbWVib3JkZXIlM0QlMjIwJTIyJTIwc3R5bGUlM0QlMjJib3JkZXIlM0EwJTNCJTIyJTIwYWxsb3dmdWxsc2NyZWVuJTNEJTIyJTIyJTNFJTNDJTJGaWZyYW1lJTNF\u00a0\u00bb][\/vc_column][\/vc_row][vc_row][vc_column][vc_row_inner][vc_column_inner][vc_custom_heading text=\u00a0\u00bbFormulaire de contact\u00a0\u00bb google_fonts=\u00a0\u00bbfont_family:PT%20Sans%3Aregular%2Citalic%2C700%2C700italic|font_style:400%20regular%3A400%3Anormal\u00a0\u00bb][\/vc_column_inner][\/vc_row_inner][vc_row_inner][vc_column_inner width=\u00a0\u00bb2\/3&Prime;][vc_toggle title=\u00a0\u00bbAvis juridique\u00a0\u00bb style=\u00a0\u00bbsimple\u00a0\u00bb] INFORMATIONS SUR LA PROTECTION DES<span class=\"excerpt-hellip\"> [\u2026]<\/span><\/p>\n","protected":false},"author":1,"featured_media":0,"parent":0,"menu_order":0,"comment_status":"closed","ping_status":"closed","template":"","meta":[],"_links":{"self":[{"href":"https:\/\/www.laperlavalles.cat\/fr\/wp-json\/wp\/v2\/pages\/19667"}],"collection":[{"href":"https:\/\/www.laperlavalles.cat\/fr\/wp-json\/wp\/v2\/pages"}],"about":[{"href":"https:\/\/www.laperlavalles.cat\/fr\/wp-json\/wp\/v2\/types\/page"}],"author":[{"embeddable":true,"href":"https:\/\/www.laperlavalles.cat\/fr\/wp-json\/wp\/v2\/users\/1"}],"replies":[{"embeddable":true,"href":"https:\/\/www.laperlavalles.cat\/fr\/wp-json\/wp\/v2\/comments?post=19667"}],"version-history":[{"count":6,"href":"https:\/\/www.laperlavalles.cat\/fr\/wp-json\/wp\/v2\/pages\/19667\/revisions"}],"predecessor-version":[{"id":179370,"href":"https:\/\/www.laperlavalles.cat\/fr\/wp-json\/wp\/v2\/pages\/19667\/revisions\/179370"}],"wp:attachment":[{"href":"https:\/\/www.laperlavalles.cat\/fr\/wp-json\/wp\/v2\/media?parent=19667"}],"curies":[{"name":"wp","href":"https:\/\/api.w.org\/{rel}","templated":true}]}}